{"id":146,"date":"2025-06-30T08:25:52","date_gmt":"2025-06-30T08:25:52","guid":{"rendered":"http:\/\/scoalasoveja.ro\/?page_id=146"},"modified":"2025-06-30T08:27:29","modified_gmt":"2025-06-30T08:27:29","slug":"activitati-extracurriculare","status":"publish","type":"page","link":"https:\/\/scoalasoveja.ro\/index.php\/activitati-extracurriculare\/","title":{"rendered":"Activit\u0103\u021bi extracurriculare:"},"content":{"rendered":"\t\t<div data-elementor-type=\"wp-page\" data-elementor-id=\"146\" class=\"elementor elementor-146\">\n\t\t\t\t\t\t<section class=\"elementor-section elementor-top-section elementor-element elementor-element-19ae074 elementor-section-boxed elementor-section-height-default elementor-section-height-default\" data-id=\"19ae074\" data-element_type=\"section\">\n\t\t\t\t\t\t<div class=\"elementor-container elementor-column-gap-default\">\n\t\t\t\t\t<div class=\"elementor-column elementor-col-100 elementor-top-column elementor-element elementor-element-c5bc70d\" data-id=\"c5bc70d\" data-element_type=\"column\">\n\t\t\t<div class=\"elementor-widget-wrap elementor-element-populated\">\n\t\t\t\t\t\t<div class=\"elementor-element elementor-element-40c8058 elementor-widget elementor-widget-text-editor\" data-id=\"40c8058\" data-element_type=\"widget\" data-widget_type=\"text-editor.default\">\n\t\t\t\t<div class=\"elementor-widget-container\">\n\t\t\t\t\t\t\t\t\t<ul><li>Excursii \u0219colare tematice &#8211; ciclul primar, gimnazial \u2013 (de exemplu, excursie la Piatra Neam\u021b \u2013 Bicaz \u2013 Lacul Ro\u0219u, \u00een mai 2025)<\/li><li><em>\u0218coala Altfel<\/em><\/li><li><em>S\u0103pt\u0103m\u00e2na Verde<\/em><\/li><li>Ateliere de crea\u021bie<\/li><li>Cursuri de \u00eenot<\/li><li>Activit\u0103\u021bi extra\u0219colare de ecologie \u0219i protec\u021bia mediului<\/li><li>Activit\u0103\u021bi extra\u0219colare sportive; clubul sportiv (fotbal, sub \u00eendrumarea domnului profesor Popescu Bogdan), cerc de dansuri moderne \u2013 zumba \u2013 fitness (sub \u00eendrumarea doamnei profesor Perdutu Lenu\u021ba)<\/li><\/ul>\t\t\t\t\t\t\t\t<\/div>\n\t\t\t\t<\/div>\n\t\t\t\t\t<\/div>\n\t\t<\/div>\n\t\t\t\t\t<\/div>\n\t\t<\/section>\n\t\t\t\t<section class=\"elementor-section elementor-top-section elementor-element elementor-element-d913d1a elementor-section-boxed elementor-section-height-default elementor-section-height-default\" data-id=\"d913d1a\" data-element_type=\"section\">\n\t\t\t\t\t\t<div class=\"elementor-container elementor-column-gap-default\">\n\t\t\t\t\t<div class=\"elementor-column elementor-col-100 elementor-top-column elementor-element elementor-element-4ee7d0c\" data-id=\"4ee7d0c\" data-element_type=\"column\">\n\t\t\t<div class=\"elementor-widget-wrap elementor-element-populated\">\n\t\t\t\t\t\t<div class=\"elementor-element elementor-element-fcd11cf elementor-widget elementor-widget-image\" data-id=\"fcd11cf\" data-element_type=\"widget\" data-widget_type=\"image.default\">\n\t\t\t\t<div class=\"elementor-widget-container\">\n\t\t\t\t\t\t\t\t\t\t\t\t\t\t\t<img fetchpriority=\"high\" decoding=\"async\" width=\"494\" height=\"298\" src=\"https:\/\/scoalasoveja.ro\/wp-content\/uploads\/2025\/06\/CJ-soveja.jpg\" class=\"attachment-large size-large wp-image-148\" alt=\"\" srcset=\"https:\/\/scoalasoveja.ro\/wp-content\/uploads\/2025\/06\/CJ-soveja.jpg 494w, https:\/\/scoalasoveja.ro\/wp-content\/uploads\/2025\/06\/CJ-soveja-300x181.jpg 300w, https:\/\/scoalasoveja.ro\/wp-content\/uploads\/2025\/06\/CJ-soveja-230x139.jpg 230w, https:\/\/scoalasoveja.ro\/wp-content\/uploads\/2025\/06\/CJ-soveja-350x211.jpg 350w, https:\/\/scoalasoveja.ro\/wp-content\/uploads\/2025\/06\/CJ-soveja-480x290.jpg 480w\" sizes=\"(max-width: 494px) 100vw, 494px\" \/>\t\t\t\t\t\t\t\t\t\t\t\t\t\t\t<\/div>\n\t\t\t\t<\/div>\n\t\t\t\t\t<\/div>\n\t\t<\/div>\n\t\t\t\t\t<\/div>\n\t\t<\/section>\n\t\t\t\t<section class=\"elementor-section elementor-top-section elementor-element elementor-element-3665a3e elementor-section-boxed elementor-section-height-default elementor-section-height-default\" data-id=\"3665a3e\" data-element_type=\"section\">\n\t\t\t\t\t\t<div class=\"elementor-container elementor-column-gap-default\">\n\t\t\t\t\t<div class=\"elementor-column elementor-col-100 elementor-top-column elementor-element elementor-element-7cbc606\" data-id=\"7cbc606\" data-element_type=\"column\">\n\t\t\t<div class=\"elementor-widget-wrap elementor-element-populated\">\n\t\t\t\t\t\t<div class=\"elementor-element elementor-element-8840d21 elementor-widget-divider--view-line_icon elementor-view-default elementor-widget-divider--element-align-center elementor-widget elementor-widget-divider\" data-id=\"8840d21\" data-element_type=\"widget\" data-widget_type=\"divider.default\">\n\t\t\t\t<div class=\"elementor-widget-container\">\n\t\t\t\t\t\t\t<div class=\"elementor-divider\">\n\t\t\t<span class=\"elementor-divider-separator\">\n\t\t\t\t\t\t\t<div class=\"elementor-icon elementor-divider__element\">\n\t\t\t\t\t<i aria-hidden=\"true\" class=\"fas fa-book-open\"><\/i><\/div>\n\t\t\t\t\t\t<\/span>\n\t\t<\/div>\n\t\t\t\t\t\t<\/div>\n\t\t\t\t<\/div>\n\t\t\t\t\t<\/div>\n\t\t<\/div>\n\t\t\t\t\t<\/div>\n\t\t<\/section>\n\t\t\t\t<\/div>\n\t\t","protected":false},"excerpt":{"rendered":"<p>Excursii \u0219colare tematice &#8211; ciclul primar, gimnazial \u2013 (de exemplu, excursie la Piatra Neam\u021b \u2013 Bicaz \u2013 Lacul Ro\u0219u, \u00een mai 2025) [&hellip;]<\/p>\n","protected":false},"author":1,"featured_media":0,"parent":0,"menu_order":0,"comment_status":"closed","ping_status":"closed","template":"","meta":{"ngg_post_thumbnail":0,"footnotes":""},"categories":[],"tags":[],"class_list":["post-146","page","type-page","status-publish","hentry"],"yoast_head":"<!-- This site is optimized with the Yoast SEO plugin v25.3.1 - https:\/\/yoast.com\/wordpress\/plugins\/seo\/ -->\n<title>Activit\u0103\u021bi extracurriculare: - \u0218coala Gimnazial\u0103 &quot;Simion Mehedin\u021bi&quot; - Soveja<\/title>\n<meta name=\"robots\" content=\"index, follow, max-snippet:-1, max-image-preview:large, max-video-preview:-1\" \/>\n<link rel=\"canonical\" href=\"https:\/\/scoalasoveja.ro\/index.php\/activitati-extracurriculare\/\" \/>\n<meta property=\"og:locale\" content=\"ro_RO\" \/>\n<meta property=\"og:type\" content=\"article\" \/>\n<meta property=\"og:title\" content=\"Activit\u0103\u021bi extracurriculare: - \u0218coala Gimnazial\u0103 &quot;Simion Mehedin\u021bi&quot; - Soveja\" \/>\n<meta property=\"og:description\" content=\"Excursii \u0219colare tematice &#8211; ciclul primar, gimnazial \u2013 (de exemplu, excursie la Piatra Neam\u021b \u2013 Bicaz \u2013 Lacul Ro\u0219u, \u00een mai 2025) [&hellip;]\" \/>\n<meta property=\"og:url\" content=\"https:\/\/scoalasoveja.ro\/index.php\/activitati-extracurriculare\/\" \/>\n<meta property=\"og:site_name\" content=\"\u0218coala Gimnazial\u0103 &quot;Simion Mehedin\u021bi&quot; - Soveja\" \/>\n<meta property=\"article:modified_time\" content=\"2025-06-30T08:27:29+00:00\" \/>\n<meta property=\"og:image\" content=\"http:\/\/scoalasoveja.ro\/wp-content\/uploads\/2025\/06\/CJ-soveja.jpg\" \/>\n<meta name=\"twitter:card\" content=\"summary_large_image\" \/>\n<meta name=\"twitter:label1\" content=\"Timp estimat pentru citire\" \/>\n\t<meta name=\"twitter:data1\" content=\"1 minut\" \/>\n<script type=\"application\/ld+json\" class=\"yoast-schema-graph\">{\"@context\":\"https:\/\/schema.org\",\"@graph\":[{\"@type\":\"WebPage\",\"@id\":\"https:\/\/scoalasoveja.ro\/index.php\/activitati-extracurriculare\/\",\"url\":\"https:\/\/scoalasoveja.ro\/index.php\/activitati-extracurriculare\/\",\"name\":\"Activit\u0103\u021bi extracurriculare: - \u0218coala Gimnazial\u0103 &quot;Simion Mehedin\u021bi&quot; - Soveja\",\"isPartOf\":{\"@id\":\"http:\/\/scoalasoveja.ro\/#website\"},\"primaryImageOfPage\":{\"@id\":\"https:\/\/scoalasoveja.ro\/index.php\/activitati-extracurriculare\/#primaryimage\"},\"image\":{\"@id\":\"https:\/\/scoalasoveja.ro\/index.php\/activitati-extracurriculare\/#primaryimage\"},\"thumbnailUrl\":\"http:\/\/scoalasoveja.ro\/wp-content\/uploads\/2025\/06\/CJ-soveja.jpg\",\"datePublished\":\"2025-06-30T08:25:52+00:00\",\"dateModified\":\"2025-06-30T08:27:29+00:00\",\"breadcrumb\":{\"@id\":\"https:\/\/scoalasoveja.ro\/index.php\/activitati-extracurriculare\/#breadcrumb\"},\"inLanguage\":\"ro-RO\",\"potentialAction\":[{\"@type\":\"ReadAction\",\"target\":[\"https:\/\/scoalasoveja.ro\/index.php\/activitati-extracurriculare\/\"]}]},{\"@type\":\"ImageObject\",\"inLanguage\":\"ro-RO\",\"@id\":\"https:\/\/scoalasoveja.ro\/index.php\/activitati-extracurriculare\/#primaryimage\",\"url\":\"https:\/\/scoalasoveja.ro\/wp-content\/uploads\/2025\/06\/CJ-soveja.jpg\",\"contentUrl\":\"https:\/\/scoalasoveja.ro\/wp-content\/uploads\/2025\/06\/CJ-soveja.jpg\",\"width\":494,\"height\":298},{\"@type\":\"BreadcrumbList\",\"@id\":\"https:\/\/scoalasoveja.ro\/index.php\/activitati-extracurriculare\/#breadcrumb\",\"itemListElement\":[{\"@type\":\"ListItem\",\"position\":1,\"name\":\"Home\",\"item\":\"https:\/\/scoalasoveja.ro\/\"},{\"@type\":\"ListItem\",\"position\":2,\"name\":\"Activit\u0103\u021bi extracurriculare:\"}]},{\"@type\":\"WebSite\",\"@id\":\"http:\/\/scoalasoveja.ro\/#website\",\"url\":\"http:\/\/scoalasoveja.ro\/\",\"name\":\"\u0218coala Gimnazial\u0103 &quot;Simion Mehedin\u021bi&quot; - Soveja\",\"description\":\"\",\"potentialAction\":[{\"@type\":\"SearchAction\",\"target\":{\"@type\":\"EntryPoint\",\"urlTemplate\":\"http:\/\/scoalasoveja.ro\/?s={search_term_string}\"},\"query-input\":{\"@type\":\"PropertyValueSpecification\",\"valueRequired\":true,\"valueName\":\"search_term_string\"}}],\"inLanguage\":\"ro-RO\"}]}<\/script>\n<!-- \/ Yoast SEO plugin. -->","yoast_head_json":{"title":"Activit\u0103\u021bi extracurriculare: - \u0218coala Gimnazial\u0103 &quot;Simion Mehedin\u021bi&quot; - Soveja","robots":{"index":"index","follow":"follow","max-snippet":"max-snippet:-1","max-image-preview":"max-image-preview:large","max-video-preview":"max-video-preview:-1"},"canonical":"https:\/\/scoalasoveja.ro\/index.php\/activitati-extracurriculare\/","og_locale":"ro_RO","og_type":"article","og_title":"Activit\u0103\u021bi extracurriculare: - \u0218coala Gimnazial\u0103 &quot;Simion Mehedin\u021bi&quot; - Soveja","og_description":"Excursii \u0219colare tematice &#8211; ciclul primar, gimnazial \u2013 (de exemplu, excursie la Piatra Neam\u021b \u2013 Bicaz \u2013 Lacul Ro\u0219u, \u00een mai 2025) [&hellip;]","og_url":"https:\/\/scoalasoveja.ro\/index.php\/activitati-extracurriculare\/","og_site_name":"\u0218coala Gimnazial\u0103 &quot;Simion Mehedin\u021bi&quot; - Soveja","article_modified_time":"2025-06-30T08:27:29+00:00","og_image":[{"url":"http:\/\/scoalasoveja.ro\/wp-content\/uploads\/2025\/06\/CJ-soveja.jpg","type":"","width":"","height":""}],"twitter_card":"summary_large_image","twitter_misc":{"Timp estimat pentru citire":"1 minut"},"schema":{"@context":"https:\/\/schema.org","@graph":[{"@type":"WebPage","@id":"https:\/\/scoalasoveja.ro\/index.php\/activitati-extracurriculare\/","url":"https:\/\/scoalasoveja.ro\/index.php\/activitati-extracurriculare\/","name":"Activit\u0103\u021bi extracurriculare: - \u0218coala Gimnazial\u0103 &quot;Simion Mehedin\u021bi&quot; - Soveja","isPartOf":{"@id":"http:\/\/scoalasoveja.ro\/#website"},"primaryImageOfPage":{"@id":"https:\/\/scoalasoveja.ro\/index.php\/activitati-extracurriculare\/#primaryimage"},"image":{"@id":"https:\/\/scoalasoveja.ro\/index.php\/activitati-extracurriculare\/#primaryimage"},"thumbnailUrl":"http:\/\/scoalasoveja.ro\/wp-content\/uploads\/2025\/06\/CJ-soveja.jpg","datePublished":"2025-06-30T08:25:52+00:00","dateModified":"2025-06-30T08:27:29+00:00","breadcrumb":{"@id":"https:\/\/scoalasoveja.ro\/index.php\/activitati-extracurriculare\/#breadcrumb"},"inLanguage":"ro-RO","potentialAction":[{"@type":"ReadAction","target":["https:\/\/scoalasoveja.ro\/index.php\/activitati-extracurriculare\/"]}]},{"@type":"ImageObject","inLanguage":"ro-RO","@id":"https:\/\/scoalasoveja.ro\/index.php\/activitati-extracurriculare\/#primaryimage","url":"https:\/\/scoalasoveja.ro\/wp-content\/uploads\/2025\/06\/CJ-soveja.jpg","contentUrl":"https:\/\/scoalasoveja.ro\/wp-content\/uploads\/2025\/06\/CJ-soveja.jpg","width":494,"height":298},{"@type":"BreadcrumbList","@id":"https:\/\/scoalasoveja.ro\/index.php\/activitati-extracurriculare\/#breadcrumb","itemListElement":[{"@type":"ListItem","position":1,"name":"Home","item":"https:\/\/scoalasoveja.ro\/"},{"@type":"ListItem","position":2,"name":"Activit\u0103\u021bi extracurriculare:"}]},{"@type":"WebSite","@id":"http:\/\/scoalasoveja.ro\/#website","url":"http:\/\/scoalasoveja.ro\/","name":"\u0218coala Gimnazial\u0103 &quot;Simion Mehedin\u021bi&quot; - Soveja","description":"","potentialAction":[{"@type":"SearchAction","target":{"@type":"EntryPoint","urlTemplate":"http:\/\/scoalasoveja.ro\/?s={search_term_string}"},"query-input":{"@type":"PropertyValueSpecification","valueRequired":true,"valueName":"search_term_string"}}],"inLanguage":"ro-RO"}]}},"_links":{"self":[{"href":"https:\/\/scoalasoveja.ro\/index.php\/wp-json\/wp\/v2\/pages\/146","targetHints":{"allow":["GET"]}}],"collection":[{"href":"https:\/\/scoalasoveja.ro\/index.php\/wp-json\/wp\/v2\/pages"}],"about":[{"href":"https:\/\/scoalasoveja.ro\/index.php\/wp-json\/wp\/v2\/types\/page"}],"author":[{"embeddable":true,"href":"https:\/\/scoalasoveja.ro\/index.php\/wp-json\/wp\/v2\/users\/1"}],"replies":[{"embeddable":true,"href":"https:\/\/scoalasoveja.ro\/index.php\/wp-json\/wp\/v2\/comments?post=146"}],"version-history":[{"count":7,"href":"https:\/\/scoalasoveja.ro\/index.php\/wp-json\/wp\/v2\/pages\/146\/revisions"}],"predecessor-version":[{"id":154,"href":"https:\/\/scoalasoveja.ro\/index.php\/wp-json\/wp\/v2\/pages\/146\/revisions\/154"}],"wp:attachment":[{"href":"https:\/\/scoalasoveja.ro\/index.php\/wp-json\/wp\/v2\/media?parent=146"}],"wp:term":[{"taxonomy":"category","embeddable":true,"href":"https:\/\/scoalasoveja.ro\/index.php\/wp-json\/wp\/v2\/categories?post=146"},{"taxonomy":"post_tag","embeddable":true,"href":"https:\/\/scoalasoveja.ro\/index.php\/wp-json\/wp\/v2\/tags?post=146"}],"curies":[{"name":"wp","href":"https:\/\/api.w.org\/{rel}","templated":true}]}}