{"id":156,"date":"2025-06-30T08:51:55","date_gmt":"2025-06-30T08:51:55","guid":{"rendered":"http:\/\/scoalasoveja.ro\/?page_id=156"},"modified":"2025-06-30T08:53:46","modified_gmt":"2025-06-30T08:53:46","slug":"parteneriate","status":"publish","type":"page","link":"https:\/\/scoalasoveja.ro\/index.php\/parteneriate\/","title":{"rendered":"Parteneriate"},"content":{"rendered":"\t\t<div data-elementor-type=\"wp-page\" data-elementor-id=\"156\" class=\"elementor elementor-156\">\n\t\t\t\t\t\t<section class=\"elementor-section elementor-top-section elementor-element elementor-element-19ae074 elementor-section-boxed elementor-section-height-default elementor-section-height-default\" data-id=\"19ae074\" data-element_type=\"section\">\n\t\t\t\t\t\t<div class=\"elementor-container elementor-column-gap-default\">\n\t\t\t\t\t<div class=\"elementor-column elementor-col-100 elementor-top-column elementor-element elementor-element-c5bc70d\" data-id=\"c5bc70d\" data-element_type=\"column\">\n\t\t\t<div class=\"elementor-widget-wrap elementor-element-populated\">\n\t\t\t\t\t\t<div class=\"elementor-element elementor-element-40c8058 elementor-widget elementor-widget-text-editor\" data-id=\"40c8058\" data-element_type=\"widget\" data-widget_type=\"text-editor.default\">\n\t\t\t\t<div class=\"elementor-widget-container\">\n\t\t\t\t\t\t\t\t\t<ul><li><em>Start \u00een educa\u021bie<\/em>, un proiect desf\u0103\u0219urat de Funda\u021bia World Vision Rom\u00e2nia<\/li><li>Participare la programul Foc\u0219ani Science<\/li><li>Participare la \u0219edin\u021bele gratuite de \u00eenot la Bazinul de \u00cenot Didactic Foc\u0219ani<\/li><li>Evenimentul online (pe platforma ZOOM) \u201eMA\u0306RT\u0326IS\u0326OR DE ACASA\u0306\u201d, organizat de Asocia\u0163ia Intercultural\u0103 Rom\u00e2no-Elen\u0103 DACIA din Atena\u00a0 i\u0302n parteneriat cu Centrul pentru Cultur\u0103 \u0219i Arte &#8222;Carmen Saeculare&#8221; Neam\u021b, S\u0326coala Gimnaziala\u0306 nr. \u00a081, Bucure\u0219ti \u0219i \u0218c. Gimn. \u201eSimion Mehedin\u021bi\u201d &#8211; Soveja (legende, discu\u021bii, ateliere de crea\u021bie online)<\/li><li>Ne-am bucurat, de asemenea, de activit\u0103\u021bi \u0219i proiecte \u00een parteneriat cu \u0218coala Postliceal\u0103 Sanitar\u0103 Hipocrate Foc\u0219ani, Crucea Ro\u0219ie, Parohia Ruc\u0103reni, asocia\u021bia Carte \u00een Sate.<\/li><li><em>Copacul Lecturii<\/em> al\u0103turi de \u0218coala Vizantea-M\u0103n\u0103stireasc\u0103<\/li><li>Competi\u021bii amicale de fotbal cu echipa \u0219colii<\/li><li>Competi\u021bii \u0219i flashmob-uri (clubul de dansuri al \u0219colii)<\/li><\/ul>\t\t\t\t\t\t\t\t<\/div>\n\t\t\t\t<\/div>\n\t\t\t\t\t<\/div>\n\t\t<\/div>\n\t\t\t\t\t<\/div>\n\t\t<\/section>\n\t\t\t\t<section class=\"elementor-section elementor-top-section elementor-element elementor-element-6fdcc95 elementor-section-boxed elementor-section-height-default elementor-section-height-default\" data-id=\"6fdcc95\" data-element_type=\"section\">\n\t\t\t\t\t\t<div class=\"elementor-container elementor-column-gap-default\">\n\t\t\t\t\t<div class=\"elementor-column elementor-col-100 elementor-top-column elementor-element elementor-element-13c0ecf\" data-id=\"13c0ecf\" data-element_type=\"column\">\n\t\t\t<div class=\"elementor-widget-wrap elementor-element-populated\">\n\t\t\t\t\t\t<div class=\"elementor-element elementor-element-0a09af1 elementor-widget elementor-widget-image\" data-id=\"0a09af1\" data-element_type=\"widget\" data-widget_type=\"image.default\">\n\t\t\t\t<div class=\"elementor-widget-container\">\n\t\t\t\t\t\t\t\t\t\t\t\t\t\t\t<img fetchpriority=\"high\" decoding=\"async\" width=\"860\" height=\"472\" src=\"https:\/\/scoalasoveja.ro\/wp-content\/uploads\/2025\/06\/1635500240588.png\" class=\"attachment-large size-large wp-image-158\" alt=\"\" srcset=\"https:\/\/scoalasoveja.ro\/wp-content\/uploads\/2025\/06\/1635500240588.png 860w, https:\/\/scoalasoveja.ro\/wp-content\/uploads\/2025\/06\/1635500240588-300x165.png 300w, https:\/\/scoalasoveja.ro\/wp-content\/uploads\/2025\/06\/1635500240588-768x422.png 768w, https:\/\/scoalasoveja.ro\/wp-content\/uploads\/2025\/06\/1635500240588-230x126.png 230w, https:\/\/scoalasoveja.ro\/wp-content\/uploads\/2025\/06\/1635500240588-350x192.png 350w, https:\/\/scoalasoveja.ro\/wp-content\/uploads\/2025\/06\/1635500240588-480x263.png 480w\" sizes=\"(max-width: 860px) 100vw, 860px\" \/>\t\t\t\t\t\t\t\t\t\t\t\t\t\t\t<\/div>\n\t\t\t\t<\/div>\n\t\t\t\t\t<\/div>\n\t\t<\/div>\n\t\t\t\t\t<\/div>\n\t\t<\/section>\n\t\t\t\t<section class=\"elementor-section elementor-top-section elementor-element elementor-element-3665a3e elementor-section-boxed elementor-section-height-default elementor-section-height-default\" data-id=\"3665a3e\" data-element_type=\"section\">\n\t\t\t\t\t\t<div class=\"elementor-container elementor-column-gap-default\">\n\t\t\t\t\t<div class=\"elementor-column elementor-col-100 elementor-top-column elementor-element elementor-element-7cbc606\" data-id=\"7cbc606\" data-element_type=\"column\">\n\t\t\t<div class=\"elementor-widget-wrap elementor-element-populated\">\n\t\t\t\t\t\t<div class=\"elementor-element elementor-element-8840d21 elementor-widget-divider--view-line_icon elementor-view-default elementor-widget-divider--element-align-center elementor-widget elementor-widget-divider\" data-id=\"8840d21\" data-element_type=\"widget\" data-widget_type=\"divider.default\">\n\t\t\t\t<div class=\"elementor-widget-container\">\n\t\t\t\t\t\t\t<div class=\"elementor-divider\">\n\t\t\t<span class=\"elementor-divider-separator\">\n\t\t\t\t\t\t\t<div class=\"elementor-icon elementor-divider__element\">\n\t\t\t\t\t<i aria-hidden=\"true\" class=\"fas fa-book-open\"><\/i><\/div>\n\t\t\t\t\t\t<\/span>\n\t\t<\/div>\n\t\t\t\t\t\t<\/div>\n\t\t\t\t<\/div>\n\t\t\t\t\t<\/div>\n\t\t<\/div>\n\t\t\t\t\t<\/div>\n\t\t<\/section>\n\t\t\t\t<\/div>\n\t\t","protected":false},"excerpt":{"rendered":"<p>Start \u00een educa\u021bie, un proiect desf\u0103\u0219urat de Funda\u021bia World Vision Rom\u00e2nia Participare la programul Foc\u0219ani Science Participare la \u0219edin\u021bele gratuite de \u00eenot [&hellip;]<\/p>\n","protected":false},"author":1,"featured_media":0,"parent":0,"menu_order":0,"comment_status":"closed","ping_status":"closed","template":"","meta":{"ngg_post_thumbnail":0,"footnotes":""},"categories":[],"tags":[],"class_list":["post-156","page","type-page","status-publish","hentry"],"yoast_head":"<!-- This site is optimized with the Yoast SEO plugin v25.3.1 - https:\/\/yoast.com\/wordpress\/plugins\/seo\/ -->\n<title>Parteneriate - \u0218coala Gimnazial\u0103 &quot;Simion Mehedin\u021bi&quot; - Soveja<\/title>\n<meta name=\"robots\" content=\"index, follow, max-snippet:-1, max-image-preview:large, max-video-preview:-1\" \/>\n<link rel=\"canonical\" href=\"https:\/\/scoalasoveja.ro\/index.php\/parteneriate\/\" \/>\n<meta property=\"og:locale\" content=\"ro_RO\" \/>\n<meta property=\"og:type\" content=\"article\" \/>\n<meta property=\"og:title\" content=\"Parteneriate - \u0218coala Gimnazial\u0103 &quot;Simion Mehedin\u021bi&quot; - Soveja\" \/>\n<meta property=\"og:description\" content=\"Start \u00een educa\u021bie, un proiect desf\u0103\u0219urat de Funda\u021bia World Vision Rom\u00e2nia Participare la programul Foc\u0219ani Science Participare la \u0219edin\u021bele gratuite de \u00eenot [&hellip;]\" \/>\n<meta property=\"og:url\" content=\"https:\/\/scoalasoveja.ro\/index.php\/parteneriate\/\" \/>\n<meta property=\"og:site_name\" content=\"\u0218coala Gimnazial\u0103 &quot;Simion Mehedin\u021bi&quot; - Soveja\" \/>\n<meta property=\"article:modified_time\" content=\"2025-06-30T08:53:46+00:00\" \/>\n<meta property=\"og:image\" content=\"http:\/\/scoalasoveja.ro\/wp-content\/uploads\/2025\/06\/1635500240588.png\" \/>\n<meta name=\"twitter:card\" content=\"summary_large_image\" \/>\n<meta name=\"twitter:label1\" content=\"Timp estimat pentru citire\" \/>\n\t<meta name=\"twitter:data1\" content=\"1 minut\" \/>\n<script type=\"application\/ld+json\" class=\"yoast-schema-graph\">{\"@context\":\"https:\/\/schema.org\",\"@graph\":[{\"@type\":\"WebPage\",\"@id\":\"https:\/\/scoalasoveja.ro\/index.php\/parteneriate\/\",\"url\":\"https:\/\/scoalasoveja.ro\/index.php\/parteneriate\/\",\"name\":\"Parteneriate - \u0218coala Gimnazial\u0103 &quot;Simion Mehedin\u021bi&quot; - Soveja\",\"isPartOf\":{\"@id\":\"http:\/\/scoalasoveja.ro\/#website\"},\"primaryImageOfPage\":{\"@id\":\"https:\/\/scoalasoveja.ro\/index.php\/parteneriate\/#primaryimage\"},\"image\":{\"@id\":\"https:\/\/scoalasoveja.ro\/index.php\/parteneriate\/#primaryimage\"},\"thumbnailUrl\":\"http:\/\/scoalasoveja.ro\/wp-content\/uploads\/2025\/06\/1635500240588.png\",\"datePublished\":\"2025-06-30T08:51:55+00:00\",\"dateModified\":\"2025-06-30T08:53:46+00:00\",\"breadcrumb\":{\"@id\":\"https:\/\/scoalasoveja.ro\/index.php\/parteneriate\/#breadcrumb\"},\"inLanguage\":\"ro-RO\",\"potentialAction\":[{\"@type\":\"ReadAction\",\"target\":[\"https:\/\/scoalasoveja.ro\/index.php\/parteneriate\/\"]}]},{\"@type\":\"ImageObject\",\"inLanguage\":\"ro-RO\",\"@id\":\"https:\/\/scoalasoveja.ro\/index.php\/parteneriate\/#primaryimage\",\"url\":\"https:\/\/scoalasoveja.ro\/wp-content\/uploads\/2025\/06\/1635500240588.png\",\"contentUrl\":\"https:\/\/scoalasoveja.ro\/wp-content\/uploads\/2025\/06\/1635500240588.png\",\"width\":860,\"height\":472},{\"@type\":\"BreadcrumbList\",\"@id\":\"https:\/\/scoalasoveja.ro\/index.php\/parteneriate\/#breadcrumb\",\"itemListElement\":[{\"@type\":\"ListItem\",\"position\":1,\"name\":\"Home\",\"item\":\"https:\/\/scoalasoveja.ro\/\"},{\"@type\":\"ListItem\",\"position\":2,\"name\":\"Parteneriate\"}]},{\"@type\":\"WebSite\",\"@id\":\"http:\/\/scoalasoveja.ro\/#website\",\"url\":\"http:\/\/scoalasoveja.ro\/\",\"name\":\"\u0218coala Gimnazial\u0103 &quot;Simion Mehedin\u021bi&quot; - Soveja\",\"description\":\"\",\"potentialAction\":[{\"@type\":\"SearchAction\",\"target\":{\"@type\":\"EntryPoint\",\"urlTemplate\":\"http:\/\/scoalasoveja.ro\/?s={search_term_string}\"},\"query-input\":{\"@type\":\"PropertyValueSpecification\",\"valueRequired\":true,\"valueName\":\"search_term_string\"}}],\"inLanguage\":\"ro-RO\"}]}<\/script>\n<!-- \/ Yoast SEO plugin. -->","yoast_head_json":{"title":"Parteneriate - \u0218coala Gimnazial\u0103 &quot;Simion Mehedin\u021bi&quot; - Soveja","robots":{"index":"index","follow":"follow","max-snippet":"max-snippet:-1","max-image-preview":"max-image-preview:large","max-video-preview":"max-video-preview:-1"},"canonical":"https:\/\/scoalasoveja.ro\/index.php\/parteneriate\/","og_locale":"ro_RO","og_type":"article","og_title":"Parteneriate - \u0218coala Gimnazial\u0103 &quot;Simion Mehedin\u021bi&quot; - Soveja","og_description":"Start \u00een educa\u021bie, un proiect desf\u0103\u0219urat de Funda\u021bia World Vision Rom\u00e2nia Participare la programul Foc\u0219ani Science Participare la \u0219edin\u021bele gratuite de \u00eenot [&hellip;]","og_url":"https:\/\/scoalasoveja.ro\/index.php\/parteneriate\/","og_site_name":"\u0218coala Gimnazial\u0103 &quot;Simion Mehedin\u021bi&quot; - Soveja","article_modified_time":"2025-06-30T08:53:46+00:00","og_image":[{"url":"http:\/\/scoalasoveja.ro\/wp-content\/uploads\/2025\/06\/1635500240588.png","type":"","width":"","height":""}],"twitter_card":"summary_large_image","twitter_misc":{"Timp estimat pentru citire":"1 minut"},"schema":{"@context":"https:\/\/schema.org","@graph":[{"@type":"WebPage","@id":"https:\/\/scoalasoveja.ro\/index.php\/parteneriate\/","url":"https:\/\/scoalasoveja.ro\/index.php\/parteneriate\/","name":"Parteneriate - \u0218coala Gimnazial\u0103 &quot;Simion Mehedin\u021bi&quot; - Soveja","isPartOf":{"@id":"http:\/\/scoalasoveja.ro\/#website"},"primaryImageOfPage":{"@id":"https:\/\/scoalasoveja.ro\/index.php\/parteneriate\/#primaryimage"},"image":{"@id":"https:\/\/scoalasoveja.ro\/index.php\/parteneriate\/#primaryimage"},"thumbnailUrl":"http:\/\/scoalasoveja.ro\/wp-content\/uploads\/2025\/06\/1635500240588.png","datePublished":"2025-06-30T08:51:55+00:00","dateModified":"2025-06-30T08:53:46+00:00","breadcrumb":{"@id":"https:\/\/scoalasoveja.ro\/index.php\/parteneriate\/#breadcrumb"},"inLanguage":"ro-RO","potentialAction":[{"@type":"ReadAction","target":["https:\/\/scoalasoveja.ro\/index.php\/parteneriate\/"]}]},{"@type":"ImageObject","inLanguage":"ro-RO","@id":"https:\/\/scoalasoveja.ro\/index.php\/parteneriate\/#primaryimage","url":"https:\/\/scoalasoveja.ro\/wp-content\/uploads\/2025\/06\/1635500240588.png","contentUrl":"https:\/\/scoalasoveja.ro\/wp-content\/uploads\/2025\/06\/1635500240588.png","width":860,"height":472},{"@type":"BreadcrumbList","@id":"https:\/\/scoalasoveja.ro\/index.php\/parteneriate\/#breadcrumb","itemListElement":[{"@type":"ListItem","position":1,"name":"Home","item":"https:\/\/scoalasoveja.ro\/"},{"@type":"ListItem","position":2,"name":"Parteneriate"}]},{"@type":"WebSite","@id":"http:\/\/scoalasoveja.ro\/#website","url":"http:\/\/scoalasoveja.ro\/","name":"\u0218coala Gimnazial\u0103 &quot;Simion Mehedin\u021bi&quot; - Soveja","description":"","potentialAction":[{"@type":"SearchAction","target":{"@type":"EntryPoint","urlTemplate":"http:\/\/scoalasoveja.ro\/?s={search_term_string}"},"query-input":{"@type":"PropertyValueSpecification","valueRequired":true,"valueName":"search_term_string"}}],"inLanguage":"ro-RO"}]}},"_links":{"self":[{"href":"https:\/\/scoalasoveja.ro\/index.php\/wp-json\/wp\/v2\/pages\/156","targetHints":{"allow":["GET"]}}],"collection":[{"href":"https:\/\/scoalasoveja.ro\/index.php\/wp-json\/wp\/v2\/pages"}],"about":[{"href":"https:\/\/scoalasoveja.ro\/index.php\/wp-json\/wp\/v2\/types\/page"}],"author":[{"embeddable":true,"href":"https:\/\/scoalasoveja.ro\/index.php\/wp-json\/wp\/v2\/users\/1"}],"replies":[{"embeddable":true,"href":"https:\/\/scoalasoveja.ro\/index.php\/wp-json\/wp\/v2\/comments?post=156"}],"version-history":[{"count":7,"href":"https:\/\/scoalasoveja.ro\/index.php\/wp-json\/wp\/v2\/pages\/156\/revisions"}],"predecessor-version":[{"id":164,"href":"https:\/\/scoalasoveja.ro\/index.php\/wp-json\/wp\/v2\/pages\/156\/revisions\/164"}],"wp:attachment":[{"href":"https:\/\/scoalasoveja.ro\/index.php\/wp-json\/wp\/v2\/media?parent=156"}],"wp:term":[{"taxonomy":"category","embeddable":true,"href":"https:\/\/scoalasoveja.ro\/index.php\/wp-json\/wp\/v2\/categories?post=156"},{"taxonomy":"post_tag","embeddable":true,"href":"https:\/\/scoalasoveja.ro\/index.php\/wp-json\/wp\/v2\/tags?post=156"}],"curies":[{"name":"wp","href":"https:\/\/api.w.org\/{rel}","templated":true}]}}