{"id":180,"date":"2025-06-30T10:22:47","date_gmt":"2025-06-30T10:22:47","guid":{"rendered":"http:\/\/scoalasoveja.ro\/?page_id=180"},"modified":"2025-06-30T10:24:07","modified_gmt":"2025-06-30T10:24:07","slug":"proiecte","status":"publish","type":"page","link":"https:\/\/scoalasoveja.ro\/index.php\/proiecte\/","title":{"rendered":"Proiecte"},"content":{"rendered":"\t\t<div data-elementor-type=\"wp-page\" data-elementor-id=\"180\" class=\"elementor elementor-180\">\n\t\t\t\t\t\t<section class=\"elementor-section elementor-top-section elementor-element elementor-element-19ae074 elementor-section-boxed elementor-section-height-default elementor-section-height-default\" data-id=\"19ae074\" data-element_type=\"section\">\n\t\t\t\t\t\t<div class=\"elementor-container elementor-column-gap-default\">\n\t\t\t\t\t<div class=\"elementor-column elementor-col-100 elementor-top-column elementor-element elementor-element-c5bc70d\" data-id=\"c5bc70d\" data-element_type=\"column\">\n\t\t\t<div class=\"elementor-widget-wrap elementor-element-populated\">\n\t\t\t\t\t\t<div class=\"elementor-element elementor-element-40c8058 elementor-widget elementor-widget-text-editor\" data-id=\"40c8058\" data-element_type=\"widget\" data-widget_type=\"text-editor.default\">\n\t\t\t\t<div class=\"elementor-widget-container\">\n\t\t\t\t\t\t\t\t\t<p><strong>PARTICIP\u0102RI DIRECTE\/INDIRECTE \u00ceN CADRUL UNOR PROIECTE EDUCA\u021aIONALE<\/strong>, cum ar fi:<\/p><ul><li>Implementare PNRR<\/li><li>Implementare PNRAS \u0218coli Mici \u2013 \u00cenv\u0103\u021b\u0103m\u00e2nt de calitate \u00een \u0218coala Gimnazial\u0103 \u201eSimion Mehedin\u021bi\u201d, Soveja<\/li><li>Participare la concursurile LifeROsalia<\/li><li>Participare la \u201eS\u0103pt\u0103m\u00e2nii legumelor \u0219i a fructelor donate\u201d (SNAC)<\/li><li>Participare la \u201eBruma toamnei peste obiceiurile \u0219i portul vr\u00e2ncean!\u201d<\/li><li>Participare la <em>Noaptea muzeelor la Sate<\/em><\/li><li>Turneul de fotbal \u201eUn viitor mai sigur, s\u0103 fim mai buni!\u201d, Panciu<\/li><li>\u201eO \u0219ans\u0103 pentru fiecare &#8211; Sport curat\u201d, Faraoanele<\/li><li>Cupa Tymbark U10 \u2013 b\u0103ie\u021bi, faza pe centrul Panciu<\/li><li>Parteneriat cu Colegiul Tehnic \u201eGheorghe Bal\u0219\u201d Adjud la Festivalul \u201eTradi\u021bii \u0219i Obiceiuri Rom\u00e2ne\u0219ti &#8211; S\u0103rb\u0103torile de Iarn\u0103\u201d<\/li><li>Participare \u00een cadrul festivalului \u201eGlasul ob\u0219tilor vr\u00e2ncene\u201d (c\u00e2ntec \u0219i dans popular) Iunie 2025<\/li><li>Colabor\u0103ri cu mai multe \u0219coli din jude\u021bele Tulcea \u0219i Gala\u021bi (g\u0103zduiri, schimburi de experien\u021be)<\/li><li>Participare \u00een cadrul unui flashmob tradi\u021bional \u2013 \u201eZ\u00e2mbet de copil\u201d Foc\u0219ani 2025<\/li><li>\u201eUn viitor mai sigur, s\u0103 fim mai buni!\u201d Edi\u021bia a IV-a Panciu 2025<\/li><li>Participare la concursul de dansuri \u201eRitmurile Copil\u0103riei\u201d, Edi\u021bia a XIII-a<\/li><\/ul><p><strong>PROIECTE:<\/strong><\/p><ul><li>Educa\u021bie Digital\u0103 \u00een Comunitatea Rural\u0103<\/li><li>\u201eMuntele e \u0219ansa ta!\u201d (Asocia\u021bia Montan\u0103 Carpa\u021bi \u00een parteneriat cu \u0218coala Gimnazial\u0103 ,,Simion Mehedin\u021bi &#8221; din Soveja)<\/li><li>Focul lui Sumedru<\/li><li>Proiectul \u201eCuloare \u0219i candoare \u00een z\u00e2mbet de copil\u201d \u00een parteneriat cu Gr\u0103dini\u021ba cu program prelungit nr. 1 Foc\u0219ani<\/li><li>,,ACAS\u0102 \u00ceN VATRA SATULUI\u201d \u00centreprindere Social\u0103 de Inser\u021bie \u2013 Proiect cu activit\u0103\u021bi tradi\u021bionale, me\u0219te\u0219ug\u0103re\u0219ti, s\u0103te\u0219ti.<\/li><li><em>Say YES to foreign languages! <\/em>Proiect de Ziua European\u0103 a Limbilor<\/li><li>\u201eOd\u0103 satului nostru\u201d \u2013 Eveniment cu moment de poezie \u0219i c\u00e2ntec \u00eencununat cu folclor \u0219i tradi\u021bii sovejene\u0219ti<\/li><li>S\u0103-l serb\u0103m pe Eminescu \u2013 serbare tematic\u0103 de Ziua Culturii<\/li><li>Tr\u0103iasc\u0103 Unirea \u2013 serbare tematic\u0103, cu scenet\u0103, de Ziua Unirii<\/li><li>Ziua Interna\u021bional\u0103 a Non-violen\u021bei \u00een \u0218coal\u0103 \u2013 30 ianuarie 2025<\/li><\/ul>\t\t\t\t\t\t\t\t<\/div>\n\t\t\t\t<\/div>\n\t\t\t\t\t<\/div>\n\t\t<\/div>\n\t\t\t\t\t<\/div>\n\t\t<\/section>\n\t\t\t\t<section class=\"elementor-section elementor-top-section elementor-element elementor-element-3665a3e elementor-section-boxed elementor-section-height-default elementor-section-height-default\" data-id=\"3665a3e\" data-element_type=\"section\">\n\t\t\t\t\t\t<div class=\"elementor-container elementor-column-gap-default\">\n\t\t\t\t\t<div class=\"elementor-column elementor-col-100 elementor-top-column elementor-element elementor-element-7cbc606\" data-id=\"7cbc606\" data-element_type=\"column\">\n\t\t\t<div class=\"elementor-widget-wrap elementor-element-populated\">\n\t\t\t\t\t\t<div class=\"elementor-element elementor-element-8840d21 elementor-widget-divider--view-line_icon elementor-view-default elementor-widget-divider--element-align-center elementor-widget elementor-widget-divider\" data-id=\"8840d21\" data-element_type=\"widget\" data-widget_type=\"divider.default\">\n\t\t\t\t<div class=\"elementor-widget-container\">\n\t\t\t\t\t\t\t<div class=\"elementor-divider\">\n\t\t\t<span class=\"elementor-divider-separator\">\n\t\t\t\t\t\t\t<div class=\"elementor-icon elementor-divider__element\">\n\t\t\t\t\t<i aria-hidden=\"true\" class=\"fas fa-book-open\"><\/i><\/div>\n\t\t\t\t\t\t<\/span>\n\t\t<\/div>\n\t\t\t\t\t\t<\/div>\n\t\t\t\t<\/div>\n\t\t\t\t\t<\/div>\n\t\t<\/div>\n\t\t\t\t\t<\/div>\n\t\t<\/section>\n\t\t\t\t<\/div>\n\t\t","protected":false},"excerpt":{"rendered":"<p>PARTICIP\u0102RI DIRECTE\/INDIRECTE \u00ceN CADRUL UNOR PROIECTE EDUCA\u021aIONALE, cum ar fi: Implementare PNRR Implementare PNRAS \u0218coli Mici \u2013 \u00cenv\u0103\u021b\u0103m\u00e2nt de calitate \u00een \u0218coala [&hellip;]<\/p>\n","protected":false},"author":1,"featured_media":0,"parent":0,"menu_order":0,"comment_status":"closed","ping_status":"closed","template":"","meta":{"ngg_post_thumbnail":0,"footnotes":""},"categories":[],"tags":[],"class_list":["post-180","page","type-page","status-publish","hentry"],"yoast_head":"<!-- This site is optimized with the Yoast SEO plugin v25.3.1 - https:\/\/yoast.com\/wordpress\/plugins\/seo\/ -->\n<title>Proiecte - \u0218coala Gimnazial\u0103 &quot;Simion Mehedin\u021bi&quot; - Soveja<\/title>\n<meta name=\"robots\" content=\"index, follow, max-snippet:-1, max-image-preview:large, max-video-preview:-1\" \/>\n<link rel=\"canonical\" href=\"https:\/\/scoalasoveja.ro\/index.php\/proiecte\/\" \/>\n<meta property=\"og:locale\" content=\"ro_RO\" \/>\n<meta property=\"og:type\" content=\"article\" \/>\n<meta property=\"og:title\" content=\"Proiecte - \u0218coala Gimnazial\u0103 &quot;Simion Mehedin\u021bi&quot; - Soveja\" \/>\n<meta property=\"og:description\" content=\"PARTICIP\u0102RI DIRECTE\/INDIRECTE \u00ceN CADRUL UNOR PROIECTE EDUCA\u021aIONALE, cum ar fi: Implementare PNRR Implementare PNRAS \u0218coli Mici \u2013 \u00cenv\u0103\u021b\u0103m\u00e2nt de calitate \u00een \u0218coala [&hellip;]\" \/>\n<meta property=\"og:url\" content=\"https:\/\/scoalasoveja.ro\/index.php\/proiecte\/\" \/>\n<meta property=\"og:site_name\" content=\"\u0218coala Gimnazial\u0103 &quot;Simion Mehedin\u021bi&quot; - Soveja\" \/>\n<meta property=\"article:modified_time\" content=\"2025-06-30T10:24:07+00:00\" \/>\n<meta name=\"twitter:card\" content=\"summary_large_image\" \/>\n<meta name=\"twitter:label1\" content=\"Timp estimat pentru citire\" \/>\n\t<meta name=\"twitter:data1\" content=\"2 minute\" \/>\n<script type=\"application\/ld+json\" class=\"yoast-schema-graph\">{\"@context\":\"https:\/\/schema.org\",\"@graph\":[{\"@type\":\"WebPage\",\"@id\":\"https:\/\/scoalasoveja.ro\/index.php\/proiecte\/\",\"url\":\"https:\/\/scoalasoveja.ro\/index.php\/proiecte\/\",\"name\":\"Proiecte - \u0218coala Gimnazial\u0103 &quot;Simion Mehedin\u021bi&quot; - Soveja\",\"isPartOf\":{\"@id\":\"http:\/\/scoalasoveja.ro\/#website\"},\"datePublished\":\"2025-06-30T10:22:47+00:00\",\"dateModified\":\"2025-06-30T10:24:07+00:00\",\"breadcrumb\":{\"@id\":\"https:\/\/scoalasoveja.ro\/index.php\/proiecte\/#breadcrumb\"},\"inLanguage\":\"ro-RO\",\"potentialAction\":[{\"@type\":\"ReadAction\",\"target\":[\"https:\/\/scoalasoveja.ro\/index.php\/proiecte\/\"]}]},{\"@type\":\"BreadcrumbList\",\"@id\":\"https:\/\/scoalasoveja.ro\/index.php\/proiecte\/#breadcrumb\",\"itemListElement\":[{\"@type\":\"ListItem\",\"position\":1,\"name\":\"Home\",\"item\":\"https:\/\/scoalasoveja.ro\/\"},{\"@type\":\"ListItem\",\"position\":2,\"name\":\"Proiecte\"}]},{\"@type\":\"WebSite\",\"@id\":\"http:\/\/scoalasoveja.ro\/#website\",\"url\":\"http:\/\/scoalasoveja.ro\/\",\"name\":\"\u0218coala Gimnazial\u0103 &quot;Simion Mehedin\u021bi&quot; - Soveja\",\"description\":\"\",\"potentialAction\":[{\"@type\":\"SearchAction\",\"target\":{\"@type\":\"EntryPoint\",\"urlTemplate\":\"http:\/\/scoalasoveja.ro\/?s={search_term_string}\"},\"query-input\":{\"@type\":\"PropertyValueSpecification\",\"valueRequired\":true,\"valueName\":\"search_term_string\"}}],\"inLanguage\":\"ro-RO\"}]}<\/script>\n<!-- \/ Yoast SEO plugin. -->","yoast_head_json":{"title":"Proiecte - \u0218coala Gimnazial\u0103 &quot;Simion Mehedin\u021bi&quot; - Soveja","robots":{"index":"index","follow":"follow","max-snippet":"max-snippet:-1","max-image-preview":"max-image-preview:large","max-video-preview":"max-video-preview:-1"},"canonical":"https:\/\/scoalasoveja.ro\/index.php\/proiecte\/","og_locale":"ro_RO","og_type":"article","og_title":"Proiecte - \u0218coala Gimnazial\u0103 &quot;Simion Mehedin\u021bi&quot; - Soveja","og_description":"PARTICIP\u0102RI DIRECTE\/INDIRECTE \u00ceN CADRUL UNOR PROIECTE EDUCA\u021aIONALE, cum ar fi: Implementare PNRR Implementare PNRAS \u0218coli Mici \u2013 \u00cenv\u0103\u021b\u0103m\u00e2nt de calitate \u00een \u0218coala [&hellip;]","og_url":"https:\/\/scoalasoveja.ro\/index.php\/proiecte\/","og_site_name":"\u0218coala Gimnazial\u0103 &quot;Simion Mehedin\u021bi&quot; - Soveja","article_modified_time":"2025-06-30T10:24:07+00:00","twitter_card":"summary_large_image","twitter_misc":{"Timp estimat pentru citire":"2 minute"},"schema":{"@context":"https:\/\/schema.org","@graph":[{"@type":"WebPage","@id":"https:\/\/scoalasoveja.ro\/index.php\/proiecte\/","url":"https:\/\/scoalasoveja.ro\/index.php\/proiecte\/","name":"Proiecte - \u0218coala Gimnazial\u0103 &quot;Simion Mehedin\u021bi&quot; - Soveja","isPartOf":{"@id":"http:\/\/scoalasoveja.ro\/#website"},"datePublished":"2025-06-30T10:22:47+00:00","dateModified":"2025-06-30T10:24:07+00:00","breadcrumb":{"@id":"https:\/\/scoalasoveja.ro\/index.php\/proiecte\/#breadcrumb"},"inLanguage":"ro-RO","potentialAction":[{"@type":"ReadAction","target":["https:\/\/scoalasoveja.ro\/index.php\/proiecte\/"]}]},{"@type":"BreadcrumbList","@id":"https:\/\/scoalasoveja.ro\/index.php\/proiecte\/#breadcrumb","itemListElement":[{"@type":"ListItem","position":1,"name":"Home","item":"https:\/\/scoalasoveja.ro\/"},{"@type":"ListItem","position":2,"name":"Proiecte"}]},{"@type":"WebSite","@id":"http:\/\/scoalasoveja.ro\/#website","url":"http:\/\/scoalasoveja.ro\/","name":"\u0218coala Gimnazial\u0103 &quot;Simion Mehedin\u021bi&quot; - Soveja","description":"","potentialAction":[{"@type":"SearchAction","target":{"@type":"EntryPoint","urlTemplate":"http:\/\/scoalasoveja.ro\/?s={search_term_string}"},"query-input":{"@type":"PropertyValueSpecification","valueRequired":true,"valueName":"search_term_string"}}],"inLanguage":"ro-RO"}]}},"_links":{"self":[{"href":"https:\/\/scoalasoveja.ro\/index.php\/wp-json\/wp\/v2\/pages\/180","targetHints":{"allow":["GET"]}}],"collection":[{"href":"https:\/\/scoalasoveja.ro\/index.php\/wp-json\/wp\/v2\/pages"}],"about":[{"href":"https:\/\/scoalasoveja.ro\/index.php\/wp-json\/wp\/v2\/types\/page"}],"author":[{"embeddable":true,"href":"https:\/\/scoalasoveja.ro\/index.php\/wp-json\/wp\/v2\/users\/1"}],"replies":[{"embeddable":true,"href":"https:\/\/scoalasoveja.ro\/index.php\/wp-json\/wp\/v2\/comments?post=180"}],"version-history":[{"count":7,"href":"https:\/\/scoalasoveja.ro\/index.php\/wp-json\/wp\/v2\/pages\/180\/revisions"}],"predecessor-version":[{"id":187,"href":"https:\/\/scoalasoveja.ro\/index.php\/wp-json\/wp\/v2\/pages\/180\/revisions\/187"}],"wp:attachment":[{"href":"https:\/\/scoalasoveja.ro\/index.php\/wp-json\/wp\/v2\/media?parent=180"}],"wp:term":[{"taxonomy":"category","embeddable":true,"href":"https:\/\/scoalasoveja.ro\/index.php\/wp-json\/wp\/v2\/categories?post=180"},{"taxonomy":"post_tag","embeddable":true,"href":"https:\/\/scoalasoveja.ro\/index.php\/wp-json\/wp\/v2\/tags?post=180"}],"curies":[{"name":"wp","href":"https:\/\/api.w.org\/{rel}","templated":true}]}}