{"id":188,"date":"2025-06-30T10:25:36","date_gmt":"2025-06-30T10:25:36","guid":{"rendered":"http:\/\/scoalasoveja.ro\/?page_id=188"},"modified":"2025-06-30T10:26:35","modified_gmt":"2025-06-30T10:26:35","slug":"examene","status":"publish","type":"page","link":"https:\/\/scoalasoveja.ro\/index.php\/examene\/","title":{"rendered":"Examene"},"content":{"rendered":"\t\t<div data-elementor-type=\"wp-page\" data-elementor-id=\"188\" class=\"elementor elementor-188\">\n\t\t\t\t\t\t<section class=\"elementor-section elementor-top-section elementor-element elementor-element-19ae074 elementor-section-boxed elementor-section-height-default elementor-section-height-default\" data-id=\"19ae074\" data-element_type=\"section\">\n\t\t\t\t\t\t<div class=\"elementor-container elementor-column-gap-default\">\n\t\t\t\t\t<div class=\"elementor-column elementor-col-100 elementor-top-column elementor-element elementor-element-c5bc70d\" data-id=\"c5bc70d\" data-element_type=\"column\">\n\t\t\t<div class=\"elementor-widget-wrap elementor-element-populated\">\n\t\t\t\t\t\t<div class=\"elementor-element elementor-element-40c8058 elementor-widget elementor-widget-text-editor\" data-id=\"40c8058\" data-element_type=\"widget\" data-widget_type=\"text-editor.default\">\n\t\t\t\t<div class=\"elementor-widget-container\">\n\t\t\t\t\t\t\t\t\t<p>Ordinul ministerului Educa\u021biei privind calendarul de administrare a evalu\u0103rilor na\u021bionale la finalul claselor a II-a, a IV-a \u0219i a VI-a \u00een anul \u0219colar 2024\/2025 a fost publicat \u00een Monitorul Oficial.<\/p><p><strong>\ud83d\udcc5<\/strong><strong> Calendar Evalu\u0103ri Na\u021bionale 2024\u20112025<\/strong><\/p><p><strong>Clasa a II\u2011a (EN\u202fII)<\/strong><\/p><ul><li>13 mai 2025: scris Limb\u0103 \u0219i comunicare \u2013 Limba rom\u00e2n\u0103 &amp; matern\u0103<\/li><li>14 mai 2025: citit Limb\u0103 \u0219i comunicare \u2013 Limba rom\u00e2n\u0103 &amp; matern\u0103<\/li><li>15 mai 2025: Matematic\u0103 &amp; Explorarea mediului<\/li><li>16 mai 2025: Limb\u0103 \u0219i comunicare (scris &amp; citit) \u2013 Limb\u0103 rom\u00e2n\u0103 pentru minorit\u0103\u021bile na\u021bionale<\/li><\/ul><p><strong>Clasa a IV\u2011a (EN\u202fIV)<\/strong><\/p><ul><li>20 mai 2025: Limb\u0103 \u0219i comunicare \u2013 Limba rom\u00e2n\u0103 \/ matern\u0103 minorit\u0103\u021bi<\/li><li>21 mai 2025: Matematic\u0103 &amp; \u0218tiin\u021be ale naturii<\/li><li>22 mai 2025: Limb\u0103 \u0219i comunicare \u2013 Limb\u0103 matern\u0103<\/li><\/ul><p><strong>Clasa a VI\u2011a (EN\u202fVI)<\/strong><\/p><ul><li>27 mai 2025: Limb\u0103 \u0219i comunicare \u2013 Limba rom\u00e2n\u0103<\/li><li>28 mai 2025: Matematic\u0103 &amp; \u0218tiin\u021be ale naturii<\/li><li>29 mai 2025: Limb\u0103 \u0219i comunicare \u2013 Limb\u0103 matern\u0103<\/li><\/ul><p><strong>Calendarul Evalu\u0103rii la clasa a\u202fVIII\u2011a \u2013 2025<\/strong><\/p><ul><li>10\u201313 iunie 2025 \u2013 \u00eenscrierea candida\u021bilor (realizat\u0103 de secretariatele \u0219colilor)<\/li><li>13 iunie 2025 \u2013 \u00eencheierea cursurilor pentru clasa a VIII\u2011a<\/li><li>23 iunie 2025 \u2013 prob\u0103 scris\u0103 la Limba \u0219i literatura rom\u00e2n\u0103<\/li><li>25 iunie 2025 \u2013 prob\u0103 scris\u0103 la Matematic\u0103<\/li><li>27 iunie 2025 \u2013 prob\u0103 scris\u0103 la Limba \u0219i literatura matern\u0103 (pentru minorit\u0103\u021bi)<\/li><li>3 iulie 2025 (p\u00e2n\u0103 la ora 12:00) \u2013 afi\u0219area rezultatelor ini\u021biale<\/li><li>3 iulie 2025 (14:00\u201318:00) \u2013 depunere contesta\u021bii &amp; vizualizare lucr\u0103ri<\/li><li>6\u20139 iulie 2025 \u2013 solu\u021bionarea contesta\u021biilor<\/li><\/ul>\t\t\t\t\t\t\t\t<\/div>\n\t\t\t\t<\/div>\n\t\t\t\t\t<\/div>\n\t\t<\/div>\n\t\t\t\t\t<\/div>\n\t\t<\/section>\n\t\t\t\t<section class=\"elementor-section elementor-top-section elementor-element elementor-element-3665a3e elementor-section-boxed elementor-section-height-default elementor-section-height-default\" data-id=\"3665a3e\" data-element_type=\"section\">\n\t\t\t\t\t\t<div class=\"elementor-container elementor-column-gap-default\">\n\t\t\t\t\t<div class=\"elementor-column elementor-col-100 elementor-top-column elementor-element elementor-element-7cbc606\" data-id=\"7cbc606\" data-element_type=\"column\">\n\t\t\t<div class=\"elementor-widget-wrap elementor-element-populated\">\n\t\t\t\t\t\t<div class=\"elementor-element elementor-element-8840d21 elementor-widget-divider--view-line_icon elementor-view-default elementor-widget-divider--element-align-center elementor-widget elementor-widget-divider\" data-id=\"8840d21\" data-element_type=\"widget\" data-widget_type=\"divider.default\">\n\t\t\t\t<div class=\"elementor-widget-container\">\n\t\t\t\t\t\t\t<div class=\"elementor-divider\">\n\t\t\t<span class=\"elementor-divider-separator\">\n\t\t\t\t\t\t\t<div class=\"elementor-icon elementor-divider__element\">\n\t\t\t\t\t<i aria-hidden=\"true\" class=\"fas fa-book-open\"><\/i><\/div>\n\t\t\t\t\t\t<\/span>\n\t\t<\/div>\n\t\t\t\t\t\t<\/div>\n\t\t\t\t<\/div>\n\t\t\t\t\t<\/div>\n\t\t<\/div>\n\t\t\t\t\t<\/div>\n\t\t<\/section>\n\t\t\t\t<\/div>\n\t\t","protected":false},"excerpt":{"rendered":"<p>Ordinul ministerului Educa\u021biei privind calendarul de administrare a evalu\u0103rilor na\u021bionale la finalul claselor a II-a, a IV-a \u0219i a VI-a \u00een anul [&hellip;]<\/p>\n","protected":false},"author":1,"featured_media":0,"parent":0,"menu_order":0,"comment_status":"closed","ping_status":"closed","template":"","meta":{"ngg_post_thumbnail":0,"footnotes":""},"categories":[],"tags":[],"class_list":["post-188","page","type-page","status-publish","hentry"],"yoast_head":"<!-- This site is optimized with the Yoast SEO plugin v25.3.1 - https:\/\/yoast.com\/wordpress\/plugins\/seo\/ -->\n<title>Examene - \u0218coala Gimnazial\u0103 &quot;Simion Mehedin\u021bi&quot; - Soveja<\/title>\n<meta name=\"robots\" content=\"index, follow, max-snippet:-1, max-image-preview:large, max-video-preview:-1\" \/>\n<link rel=\"canonical\" href=\"https:\/\/scoalasoveja.ro\/index.php\/examene\/\" \/>\n<meta property=\"og:locale\" content=\"ro_RO\" \/>\n<meta property=\"og:type\" content=\"article\" \/>\n<meta property=\"og:title\" content=\"Examene - \u0218coala Gimnazial\u0103 &quot;Simion Mehedin\u021bi&quot; - Soveja\" \/>\n<meta property=\"og:description\" content=\"Ordinul ministerului Educa\u021biei privind calendarul de administrare a evalu\u0103rilor na\u021bionale la finalul claselor a II-a, a IV-a \u0219i a VI-a \u00een anul [&hellip;]\" \/>\n<meta property=\"og:url\" content=\"https:\/\/scoalasoveja.ro\/index.php\/examene\/\" \/>\n<meta property=\"og:site_name\" content=\"\u0218coala Gimnazial\u0103 &quot;Simion Mehedin\u021bi&quot; - Soveja\" \/>\n<meta property=\"article:modified_time\" content=\"2025-06-30T10:26:35+00:00\" \/>\n<meta name=\"twitter:card\" content=\"summary_large_image\" \/>\n<meta name=\"twitter:label1\" content=\"Timp estimat pentru citire\" \/>\n\t<meta name=\"twitter:data1\" content=\"1 minut\" \/>\n<script type=\"application\/ld+json\" class=\"yoast-schema-graph\">{\"@context\":\"https:\/\/schema.org\",\"@graph\":[{\"@type\":\"WebPage\",\"@id\":\"https:\/\/scoalasoveja.ro\/index.php\/examene\/\",\"url\":\"https:\/\/scoalasoveja.ro\/index.php\/examene\/\",\"name\":\"Examene - \u0218coala Gimnazial\u0103 &quot;Simion Mehedin\u021bi&quot; - Soveja\",\"isPartOf\":{\"@id\":\"http:\/\/scoalasoveja.ro\/#website\"},\"datePublished\":\"2025-06-30T10:25:36+00:00\",\"dateModified\":\"2025-06-30T10:26:35+00:00\",\"breadcrumb\":{\"@id\":\"https:\/\/scoalasoveja.ro\/index.php\/examene\/#breadcrumb\"},\"inLanguage\":\"ro-RO\",\"potentialAction\":[{\"@type\":\"ReadAction\",\"target\":[\"https:\/\/scoalasoveja.ro\/index.php\/examene\/\"]}]},{\"@type\":\"BreadcrumbList\",\"@id\":\"https:\/\/scoalasoveja.ro\/index.php\/examene\/#breadcrumb\",\"itemListElement\":[{\"@type\":\"ListItem\",\"position\":1,\"name\":\"Home\",\"item\":\"https:\/\/scoalasoveja.ro\/\"},{\"@type\":\"ListItem\",\"position\":2,\"name\":\"Examene\"}]},{\"@type\":\"WebSite\",\"@id\":\"http:\/\/scoalasoveja.ro\/#website\",\"url\":\"http:\/\/scoalasoveja.ro\/\",\"name\":\"\u0218coala Gimnazial\u0103 &quot;Simion Mehedin\u021bi&quot; - Soveja\",\"description\":\"\",\"potentialAction\":[{\"@type\":\"SearchAction\",\"target\":{\"@type\":\"EntryPoint\",\"urlTemplate\":\"http:\/\/scoalasoveja.ro\/?s={search_term_string}\"},\"query-input\":{\"@type\":\"PropertyValueSpecification\",\"valueRequired\":true,\"valueName\":\"search_term_string\"}}],\"inLanguage\":\"ro-RO\"}]}<\/script>\n<!-- \/ Yoast SEO plugin. -->","yoast_head_json":{"title":"Examene - \u0218coala Gimnazial\u0103 &quot;Simion Mehedin\u021bi&quot; - Soveja","robots":{"index":"index","follow":"follow","max-snippet":"max-snippet:-1","max-image-preview":"max-image-preview:large","max-video-preview":"max-video-preview:-1"},"canonical":"https:\/\/scoalasoveja.ro\/index.php\/examene\/","og_locale":"ro_RO","og_type":"article","og_title":"Examene - \u0218coala Gimnazial\u0103 &quot;Simion Mehedin\u021bi&quot; - Soveja","og_description":"Ordinul ministerului Educa\u021biei privind calendarul de administrare a evalu\u0103rilor na\u021bionale la finalul claselor a II-a, a IV-a \u0219i a VI-a \u00een anul [&hellip;]","og_url":"https:\/\/scoalasoveja.ro\/index.php\/examene\/","og_site_name":"\u0218coala Gimnazial\u0103 &quot;Simion Mehedin\u021bi&quot; - Soveja","article_modified_time":"2025-06-30T10:26:35+00:00","twitter_card":"summary_large_image","twitter_misc":{"Timp estimat pentru citire":"1 minut"},"schema":{"@context":"https:\/\/schema.org","@graph":[{"@type":"WebPage","@id":"https:\/\/scoalasoveja.ro\/index.php\/examene\/","url":"https:\/\/scoalasoveja.ro\/index.php\/examene\/","name":"Examene - \u0218coala Gimnazial\u0103 &quot;Simion Mehedin\u021bi&quot; - Soveja","isPartOf":{"@id":"http:\/\/scoalasoveja.ro\/#website"},"datePublished":"2025-06-30T10:25:36+00:00","dateModified":"2025-06-30T10:26:35+00:00","breadcrumb":{"@id":"https:\/\/scoalasoveja.ro\/index.php\/examene\/#breadcrumb"},"inLanguage":"ro-RO","potentialAction":[{"@type":"ReadAction","target":["https:\/\/scoalasoveja.ro\/index.php\/examene\/"]}]},{"@type":"BreadcrumbList","@id":"https:\/\/scoalasoveja.ro\/index.php\/examene\/#breadcrumb","itemListElement":[{"@type":"ListItem","position":1,"name":"Home","item":"https:\/\/scoalasoveja.ro\/"},{"@type":"ListItem","position":2,"name":"Examene"}]},{"@type":"WebSite","@id":"http:\/\/scoalasoveja.ro\/#website","url":"http:\/\/scoalasoveja.ro\/","name":"\u0218coala Gimnazial\u0103 &quot;Simion Mehedin\u021bi&quot; - Soveja","description":"","potentialAction":[{"@type":"SearchAction","target":{"@type":"EntryPoint","urlTemplate":"http:\/\/scoalasoveja.ro\/?s={search_term_string}"},"query-input":{"@type":"PropertyValueSpecification","valueRequired":true,"valueName":"search_term_string"}}],"inLanguage":"ro-RO"}]}},"_links":{"self":[{"href":"https:\/\/scoalasoveja.ro\/index.php\/wp-json\/wp\/v2\/pages\/188","targetHints":{"allow":["GET"]}}],"collection":[{"href":"https:\/\/scoalasoveja.ro\/index.php\/wp-json\/wp\/v2\/pages"}],"about":[{"href":"https:\/\/scoalasoveja.ro\/index.php\/wp-json\/wp\/v2\/types\/page"}],"author":[{"embeddable":true,"href":"https:\/\/scoalasoveja.ro\/index.php\/wp-json\/wp\/v2\/users\/1"}],"replies":[{"embeddable":true,"href":"https:\/\/scoalasoveja.ro\/index.php\/wp-json\/wp\/v2\/comments?post=188"}],"version-history":[{"count":7,"href":"https:\/\/scoalasoveja.ro\/index.php\/wp-json\/wp\/v2\/pages\/188\/revisions"}],"predecessor-version":[{"id":195,"href":"https:\/\/scoalasoveja.ro\/index.php\/wp-json\/wp\/v2\/pages\/188\/revisions\/195"}],"wp:attachment":[{"href":"https:\/\/scoalasoveja.ro\/index.php\/wp-json\/wp\/v2\/media?parent=188"}],"wp:term":[{"taxonomy":"category","embeddable":true,"href":"https:\/\/scoalasoveja.ro\/index.php\/wp-json\/wp\/v2\/categories?post=188"},{"taxonomy":"post_tag","embeddable":true,"href":"https:\/\/scoalasoveja.ro\/index.php\/wp-json\/wp\/v2\/tags?post=188"}],"curies":[{"name":"wp","href":"https:\/\/api.w.org\/{rel}","templated":true}]}}