{"id":2,"date":"2023-03-17T08:03:52","date_gmt":"2023-03-17T08:03:52","guid":{"rendered":"http:\/\/scoalasoveja.ro\/?page_id=2"},"modified":"2025-06-28T19:05:17","modified_gmt":"2025-06-28T19:05:17","slug":"sample-page","status":"publish","type":"page","link":"https:\/\/scoalasoveja.ro\/","title":{"rendered":"Scurt istoric"},"content":{"rendered":"\t\t<div data-elementor-type=\"wp-page\" data-elementor-id=\"2\" class=\"elementor elementor-2\">\n\t\t\t\t\t\t<section class=\"elementor-section elementor-top-section elementor-element elementor-element-4e91b76 elementor-section-boxed elementor-section-height-default elementor-section-height-default\" data-id=\"4e91b76\" data-element_type=\"section\">\n\t\t\t\t\t\t<div class=\"elementor-container elementor-column-gap-default\">\n\t\t\t\t\t<div class=\"elementor-column elementor-col-100 elementor-top-column elementor-element elementor-element-f055497\" data-id=\"f055497\" data-element_type=\"column\">\n\t\t\t<div class=\"elementor-widget-wrap elementor-element-populated\">\n\t\t\t\t\t\t<div class=\"elementor-element elementor-element-8aaa14e elementor-widget elementor-widget-text-editor\" data-id=\"8aaa14e\" data-element_type=\"widget\" data-widget_type=\"text-editor.default\">\n\t\t\t\t<div class=\"elementor-widget-container\">\n\t\t\t\t\t\t\t\t\t<p><strong>Scurt istoric al \u0218colii Gimnaziale \u201eSimion Mehedin\u021bi\u201d Soveja<\/strong><\/p><p><img fetchpriority=\"high\" decoding=\"async\" class=\"alignnone size-full wp-image-60\" src=\"http:\/\/scoalasoveja.ro\/wp-content\/uploads\/2025\/06\/Cover-scoala-soveja.png\" alt=\"\" width=\"1200\" height=\"536\" srcset=\"https:\/\/scoalasoveja.ro\/wp-content\/uploads\/2025\/06\/Cover-scoala-soveja.png 1200w, https:\/\/scoalasoveja.ro\/wp-content\/uploads\/2025\/06\/Cover-scoala-soveja-300x134.png 300w, https:\/\/scoalasoveja.ro\/wp-content\/uploads\/2025\/06\/Cover-scoala-soveja-1024x457.png 1024w, https:\/\/scoalasoveja.ro\/wp-content\/uploads\/2025\/06\/Cover-scoala-soveja-768x343.png 768w, https:\/\/scoalasoveja.ro\/wp-content\/uploads\/2025\/06\/Cover-scoala-soveja-1000x447.png 1000w, https:\/\/scoalasoveja.ro\/wp-content\/uploads\/2025\/06\/Cover-scoala-soveja-230x103.png 230w, https:\/\/scoalasoveja.ro\/wp-content\/uploads\/2025\/06\/Cover-scoala-soveja-350x156.png 350w, https:\/\/scoalasoveja.ro\/wp-content\/uploads\/2025\/06\/Cover-scoala-soveja-480x214.png 480w\" sizes=\"(max-width: 1200px) 100vw, 1200px\" \/>Comuna Soveja, situat\u0103 \u00een pitoreasca zon\u0103 a Subcarpa\u021bilor de Curbur\u0103, este format\u0103 din satele Dragosloveni \u0219i Ruc\u0103reni, a\u0219ezate de-o parte \u0219i de alta a Dealului Bisericii. Acest loc \u00eenc\u0103rcat de istorie \u0219i frumuse\u021be natural\u0103 este \u0219i leag\u0103nul marelui geograf Simion Mehedin\u021bi, care spunea despre Soveja: <em>\u201eca un cuib \u00een mijlocul codrului de brazi&#8230; Sl\u0103vit loc valea aceasta!\u201d<\/em><\/p><p>\u00cenc\u0103 dinaintea reformei lui Alexandru Ioan Cuza, educa\u021bia avea r\u0103d\u0103cini \u00een comunitate, mul\u021bi copii \u00eenv\u0103\u021b\u00e2nd carte \u00een M\u00e2n\u0103stirea Soveja. Dup\u0103 1865, anul deschiderii oficiale a \u0219colii \u00een localitate, \u00eenv\u0103\u021b\u0103m\u00e2ntul prinde av\u00e2nt, av\u00e2ndu-l ca prim \u00eenv\u0103\u021b\u0103tor pe Nicolae Macri.<\/p><p>\u00cen 1898, \u00een vremea ministrului Spiru Haret, s-a construit un nou local de \u0219coal\u0103, pe locul unde se afl\u0103 \u0219i ast\u0103zi \u0218coala Gimnazial\u0103 \u201eSimion Mehedin\u021bi\u201d. Din 1900, prin ini\u021biativa lui Simion Mehedin\u021bi, a func\u021bionat aici \u0219i o \u0219coal\u0103 de meserii cu sec\u021bie de t\u00e2mpl\u0103rie, un pas important \u00een dezvoltarea educa\u021biei practice din zon\u0103.<\/p><p>Perioada interbelic\u0103 \u0219i reformele ini\u021biate de Mehedin\u021bi, precum <em>Legea Eforiilor \u0218colare<\/em> \u0219i <em>Legea \u0218colilor Preg\u0103titoare<\/em>, au \u00eent\u0103rit rolul \u0219colii \u00een via\u021ba satului. Chiar \u0219i \u00een fa\u021ba greut\u0103\u021bilor aduse de al Doilea R\u0103zboi Mondial, c\u00e2nd localul \u0219colii a fost distrus de un incendiu, educa\u021bia a continuat, iar \u00een 1947 \u0219coala a fost reconstruit\u0103 pe vechea temelie.<\/p><p>Ast\u0103zi, \u0218coala Gimnazial\u0103 \u201eSimion Mehedin\u021bi\u201d din Soveja \u00ee\u0219i continu\u0103 misiunea, fiind un pilon al comunit\u0103\u021bii, a\u0219a cum sublinia fondatorul spiritual al institu\u021biei: <em>\u201eDe \u0218coal\u0103, de Biseric\u0103, de sprijinul Prim\u0103riei depinde calitatea genera\u021biilor viitoare de s\u0103teni.\u201d<\/em><\/p>\t\t\t\t\t\t\t\t<\/div>\n\t\t\t\t<\/div>\n\t\t\t\t\t<\/div>\n\t\t<\/div>\n\t\t\t\t\t<\/div>\n\t\t<\/section>\n\t\t\t\t<section class=\"elementor-section elementor-top-section elementor-element elementor-element-53a4233 elementor-section-boxed elementor-section-height-default elementor-section-height-default\" data-id=\"53a4233\" data-element_type=\"section\">\n\t\t\t\t\t\t<div class=\"elementor-container elementor-column-gap-default\">\n\t\t\t\t\t<div class=\"elementor-column elementor-col-100 elementor-top-column elementor-element elementor-element-e4c96aa\" data-id=\"e4c96aa\" data-element_type=\"column\">\n\t\t\t<div class=\"elementor-widget-wrap elementor-element-populated\">\n\t\t\t\t\t\t<div class=\"elementor-element elementor-element-b437605 elementor-widget elementor-widget-text-editor\" data-id=\"b437605\" data-element_type=\"widget\" data-widget_type=\"text-editor.default\">\n\t\t\t\t<div class=\"elementor-widget-container\">\n\t\t\t\t\t\t\t\t\t<p><strong>\u201eSoveja \u2013 duios \u0219i ad\u00e2nc cuv\u00e2nt!<\/strong><\/p><p><img decoding=\"async\" class=\"alignleft wp-image-94 size-thumbnail\" src=\"http:\/\/scoalasoveja.ro\/wp-content\/uploads\/2025\/06\/3sov-150x150.png\" alt=\"\" width=\"150\" height=\"150\" \/><\/p><p><strong>\u00centoarce\u021bi-v\u0103 oriunde ve\u021bi fi, cu ochii spre acest p\u0103m\u00e2nt, pe care de mai bine de dou\u0103 mii de ani au tr\u0103it, au luptat \u0219i au murit p\u0103rin\u021bii no\u0219tri&#8230;<\/strong><\/p><p><strong>Ridica\u021bi-i \u00een sufletele voastre un altar de ve\u0219nic\u0103 dragoste!\u201d (<\/strong>SIMION MEHEDIN\u021aI)<\/p>\t\t\t\t\t\t\t\t<\/div>\n\t\t\t\t<\/div>\n\t\t\t\t\t<\/div>\n\t\t<\/div>\n\t\t\t\t\t<\/div>\n\t\t<\/section>\n\t\t\t\t<\/div>\n\t\t","protected":false},"excerpt":{"rendered":"<p>Scurt istoric al \u0218colii Gimnaziale \u201eSimion Mehedin\u021bi\u201d Soveja Comuna Soveja, situat\u0103 \u00een pitoreasca zon\u0103 a Subcarpa\u021bilor de Curbur\u0103, este format\u0103 din satele [&hellip;]<\/p>\n","protected":false},"author":1,"featured_media":0,"parent":0,"menu_order":0,"comment_status":"closed","ping_status":"closed","template":"","meta":{"ngg_post_thumbnail":0,"footnotes":""},"categories":[],"tags":[],"class_list":["post-2","page","type-page","status-publish","hentry"],"yoast_head":"<!-- This site is optimized with the Yoast SEO plugin v25.3.1 - https:\/\/yoast.com\/wordpress\/plugins\/seo\/ -->\n<title>Scurt istoric - \u0218coala Gimnazial\u0103 &quot;Simion Mehedin\u021bi&quot; - Soveja<\/title>\n<meta name=\"robots\" content=\"index, follow, max-snippet:-1, max-image-preview:large, max-video-preview:-1\" \/>\n<link rel=\"canonical\" href=\"https:\/\/scoalasoveja.ro\/\" \/>\n<meta property=\"og:locale\" content=\"ro_RO\" \/>\n<meta property=\"og:type\" content=\"article\" \/>\n<meta property=\"og:title\" content=\"Scurt istoric - \u0218coala Gimnazial\u0103 &quot;Simion Mehedin\u021bi&quot; - Soveja\" \/>\n<meta property=\"og:description\" content=\"Scurt istoric al \u0218colii Gimnaziale \u201eSimion Mehedin\u021bi\u201d Soveja Comuna Soveja, situat\u0103 \u00een pitoreasca zon\u0103 a Subcarpa\u021bilor de Curbur\u0103, este format\u0103 din satele [&hellip;]\" \/>\n<meta property=\"og:url\" content=\"https:\/\/scoalasoveja.ro\/\" \/>\n<meta property=\"og:site_name\" content=\"\u0218coala Gimnazial\u0103 &quot;Simion Mehedin\u021bi&quot; - Soveja\" \/>\n<meta property=\"article:modified_time\" content=\"2025-06-28T19:05:17+00:00\" \/>\n<meta property=\"og:image\" content=\"http:\/\/scoalasoveja.ro\/wp-content\/uploads\/2025\/06\/Cover-scoala-soveja.png\" \/>\n<meta name=\"twitter:card\" content=\"summary_large_image\" \/>\n<meta name=\"twitter:label1\" content=\"Timp estimat pentru citire\" \/>\n\t<meta name=\"twitter:data1\" content=\"2 minute\" \/>\n<script type=\"application\/ld+json\" class=\"yoast-schema-graph\">{\"@context\":\"https:\/\/schema.org\",\"@graph\":[{\"@type\":\"WebPage\",\"@id\":\"https:\/\/scoalasoveja.ro\/\",\"url\":\"https:\/\/scoalasoveja.ro\/\",\"name\":\"Scurt istoric - \u0218coala Gimnazial\u0103 &quot;Simion Mehedin\u021bi&quot; - Soveja\",\"isPartOf\":{\"@id\":\"http:\/\/scoalasoveja.ro\/#website\"},\"primaryImageOfPage\":{\"@id\":\"https:\/\/scoalasoveja.ro\/#primaryimage\"},\"image\":{\"@id\":\"https:\/\/scoalasoveja.ro\/#primaryimage\"},\"thumbnailUrl\":\"http:\/\/scoalasoveja.ro\/wp-content\/uploads\/2025\/06\/Cover-scoala-soveja.png\",\"datePublished\":\"2023-03-17T08:03:52+00:00\",\"dateModified\":\"2025-06-28T19:05:17+00:00\",\"breadcrumb\":{\"@id\":\"https:\/\/scoalasoveja.ro\/#breadcrumb\"},\"inLanguage\":\"ro-RO\",\"potentialAction\":[{\"@type\":\"ReadAction\",\"target\":[\"https:\/\/scoalasoveja.ro\/\"]}]},{\"@type\":\"ImageObject\",\"inLanguage\":\"ro-RO\",\"@id\":\"https:\/\/scoalasoveja.ro\/#primaryimage\",\"url\":\"https:\/\/scoalasoveja.ro\/wp-content\/uploads\/2025\/06\/Cover-scoala-soveja.png\",\"contentUrl\":\"https:\/\/scoalasoveja.ro\/wp-content\/uploads\/2025\/06\/Cover-scoala-soveja.png\",\"width\":1200,\"height\":536},{\"@type\":\"BreadcrumbList\",\"@id\":\"https:\/\/scoalasoveja.ro\/#breadcrumb\",\"itemListElement\":[{\"@type\":\"ListItem\",\"position\":1,\"name\":\"Home\",\"item\":\"https:\/\/scoalasoveja.ro\/\"},{\"@type\":\"ListItem\",\"position\":2,\"name\":\"Scurt istoric\"}]},{\"@type\":\"WebSite\",\"@id\":\"http:\/\/scoalasoveja.ro\/#website\",\"url\":\"http:\/\/scoalasoveja.ro\/\",\"name\":\"\u0218coala Gimnazial\u0103 &quot;Simion Mehedin\u021bi&quot; - Soveja\",\"description\":\"\",\"potentialAction\":[{\"@type\":\"SearchAction\",\"target\":{\"@type\":\"EntryPoint\",\"urlTemplate\":\"http:\/\/scoalasoveja.ro\/?s={search_term_string}\"},\"query-input\":{\"@type\":\"PropertyValueSpecification\",\"valueRequired\":true,\"valueName\":\"search_term_string\"}}],\"inLanguage\":\"ro-RO\"}]}<\/script>\n<!-- \/ Yoast SEO plugin. -->","yoast_head_json":{"title":"Scurt istoric - \u0218coala Gimnazial\u0103 &quot;Simion Mehedin\u021bi&quot; - Soveja","robots":{"index":"index","follow":"follow","max-snippet":"max-snippet:-1","max-image-preview":"max-image-preview:large","max-video-preview":"max-video-preview:-1"},"canonical":"https:\/\/scoalasoveja.ro\/","og_locale":"ro_RO","og_type":"article","og_title":"Scurt istoric - \u0218coala Gimnazial\u0103 &quot;Simion Mehedin\u021bi&quot; - Soveja","og_description":"Scurt istoric al \u0218colii Gimnaziale \u201eSimion Mehedin\u021bi\u201d Soveja Comuna Soveja, situat\u0103 \u00een pitoreasca zon\u0103 a Subcarpa\u021bilor de Curbur\u0103, este format\u0103 din satele [&hellip;]","og_url":"https:\/\/scoalasoveja.ro\/","og_site_name":"\u0218coala Gimnazial\u0103 &quot;Simion Mehedin\u021bi&quot; - Soveja","article_modified_time":"2025-06-28T19:05:17+00:00","og_image":[{"url":"http:\/\/scoalasoveja.ro\/wp-content\/uploads\/2025\/06\/Cover-scoala-soveja.png","type":"","width":"","height":""}],"twitter_card":"summary_large_image","twitter_misc":{"Timp estimat pentru citire":"2 minute"},"schema":{"@context":"https:\/\/schema.org","@graph":[{"@type":"WebPage","@id":"https:\/\/scoalasoveja.ro\/","url":"https:\/\/scoalasoveja.ro\/","name":"Scurt istoric - \u0218coala Gimnazial\u0103 &quot;Simion Mehedin\u021bi&quot; - Soveja","isPartOf":{"@id":"http:\/\/scoalasoveja.ro\/#website"},"primaryImageOfPage":{"@id":"https:\/\/scoalasoveja.ro\/#primaryimage"},"image":{"@id":"https:\/\/scoalasoveja.ro\/#primaryimage"},"thumbnailUrl":"http:\/\/scoalasoveja.ro\/wp-content\/uploads\/2025\/06\/Cover-scoala-soveja.png","datePublished":"2023-03-17T08:03:52+00:00","dateModified":"2025-06-28T19:05:17+00:00","breadcrumb":{"@id":"https:\/\/scoalasoveja.ro\/#breadcrumb"},"inLanguage":"ro-RO","potentialAction":[{"@type":"ReadAction","target":["https:\/\/scoalasoveja.ro\/"]}]},{"@type":"ImageObject","inLanguage":"ro-RO","@id":"https:\/\/scoalasoveja.ro\/#primaryimage","url":"https:\/\/scoalasoveja.ro\/wp-content\/uploads\/2025\/06\/Cover-scoala-soveja.png","contentUrl":"https:\/\/scoalasoveja.ro\/wp-content\/uploads\/2025\/06\/Cover-scoala-soveja.png","width":1200,"height":536},{"@type":"BreadcrumbList","@id":"https:\/\/scoalasoveja.ro\/#breadcrumb","itemListElement":[{"@type":"ListItem","position":1,"name":"Home","item":"https:\/\/scoalasoveja.ro\/"},{"@type":"ListItem","position":2,"name":"Scurt istoric"}]},{"@type":"WebSite","@id":"http:\/\/scoalasoveja.ro\/#website","url":"http:\/\/scoalasoveja.ro\/","name":"\u0218coala Gimnazial\u0103 &quot;Simion Mehedin\u021bi&quot; - Soveja","description":"","potentialAction":[{"@type":"SearchAction","target":{"@type":"EntryPoint","urlTemplate":"http:\/\/scoalasoveja.ro\/?s={search_term_string}"},"query-input":{"@type":"PropertyValueSpecification","valueRequired":true,"valueName":"search_term_string"}}],"inLanguage":"ro-RO"}]}},"_links":{"self":[{"href":"https:\/\/scoalasoveja.ro\/index.php\/wp-json\/wp\/v2\/pages\/2","targetHints":{"allow":["GET"]}}],"collection":[{"href":"https:\/\/scoalasoveja.ro\/index.php\/wp-json\/wp\/v2\/pages"}],"about":[{"href":"https:\/\/scoalasoveja.ro\/index.php\/wp-json\/wp\/v2\/types\/page"}],"author":[{"embeddable":true,"href":"https:\/\/scoalasoveja.ro\/index.php\/wp-json\/wp\/v2\/users\/1"}],"replies":[{"embeddable":true,"href":"https:\/\/scoalasoveja.ro\/index.php\/wp-json\/wp\/v2\/comments?post=2"}],"version-history":[{"count":14,"href":"https:\/\/scoalasoveja.ro\/index.php\/wp-json\/wp\/v2\/pages\/2\/revisions"}],"predecessor-version":[{"id":97,"href":"https:\/\/scoalasoveja.ro\/index.php\/wp-json\/wp\/v2\/pages\/2\/revisions\/97"}],"wp:attachment":[{"href":"https:\/\/scoalasoveja.ro\/index.php\/wp-json\/wp\/v2\/media?parent=2"}],"wp:term":[{"taxonomy":"category","embeddable":true,"href":"https:\/\/scoalasoveja.ro\/index.php\/wp-json\/wp\/v2\/categories?post=2"},{"taxonomy":"post_tag","embeddable":true,"href":"https:\/\/scoalasoveja.ro\/index.php\/wp-json\/wp\/v2\/tags?post=2"}],"curies":[{"name":"wp","href":"https:\/\/api.w.org\/{rel}","templated":true}]}}