{"id":69,"date":"2025-06-28T15:11:46","date_gmt":"2025-06-28T15:11:46","guid":{"rendered":"https:\/\/scoalasoveja.ro\/?page_id=69"},"modified":"2025-06-28T15:24:58","modified_gmt":"2025-06-28T15:24:58","slug":"misiune","status":"publish","type":"page","link":"https:\/\/scoalasoveja.ro\/index.php\/misiune\/","title":{"rendered":"Misiune"},"content":{"rendered":"\t\t<div data-elementor-type=\"wp-page\" data-elementor-id=\"69\" class=\"elementor elementor-69\">\n\t\t\t\t\t\t<section class=\"elementor-section elementor-top-section elementor-element elementor-element-19ae074 elementor-section-boxed elementor-section-height-default elementor-section-height-default\" data-id=\"19ae074\" data-element_type=\"section\">\n\t\t\t\t\t\t<div class=\"elementor-container elementor-column-gap-default\">\n\t\t\t\t\t<div class=\"elementor-column elementor-col-100 elementor-top-column elementor-element elementor-element-c5bc70d\" data-id=\"c5bc70d\" data-element_type=\"column\">\n\t\t\t<div class=\"elementor-widget-wrap elementor-element-populated\">\n\t\t\t\t\t\t<div class=\"elementor-element elementor-element-40c8058 elementor-widget elementor-widget-text-editor\" data-id=\"40c8058\" data-element_type=\"widget\" data-widget_type=\"text-editor.default\">\n\t\t\t\t<div class=\"elementor-widget-container\">\n\t\t\t\t\t\t\t\t\t<p><strong>VIZIUNEA:<\/strong><\/p><p>\u0218coala ofer\u0103 o \u0219ans\u0103 fiec\u0103rui copil pentru a reu\u0219i \u00een via\u021b\u0103.<\/p><p><img fetchpriority=\"high\" decoding=\"async\" class=\"alignright wp-image-80 size-medium\" src=\"http:\/\/scoalasoveja.ro\/wp-content\/uploads\/2025\/06\/2sov-300x245.png\" alt=\"\" width=\"300\" height=\"245\" srcset=\"https:\/\/scoalasoveja.ro\/wp-content\/uploads\/2025\/06\/2sov-300x245.png 300w, https:\/\/scoalasoveja.ro\/wp-content\/uploads\/2025\/06\/2sov-1024x836.png 1024w, https:\/\/scoalasoveja.ro\/wp-content\/uploads\/2025\/06\/2sov-768x627.png 768w, https:\/\/scoalasoveja.ro\/wp-content\/uploads\/2025\/06\/2sov-1000x816.png 1000w, https:\/\/scoalasoveja.ro\/wp-content\/uploads\/2025\/06\/2sov-230x188.png 230w, https:\/\/scoalasoveja.ro\/wp-content\/uploads\/2025\/06\/2sov-350x286.png 350w, https:\/\/scoalasoveja.ro\/wp-content\/uploads\/2025\/06\/2sov-480x392.png 480w, https:\/\/scoalasoveja.ro\/wp-content\/uploads\/2025\/06\/2sov.png 1500w\" sizes=\"(max-width: 300px) 100vw, 300px\" \/><\/p><p><strong>MISIUNEA:<\/strong><\/p><p>\u0218coala noastr\u0103 va asigura o educa\u021bie de calitate pentru dezvoltarea individului, \u00een vederea integr\u0103rii acestuia \u00een plan social, pentru a deveni cet\u0103\u021bean activ \u0219i responsabil.<\/p><p><strong>\u021aINTE STRATEGICE:<\/strong><\/p><ol><li>Asigurarea unui management eficient bazat pe motivare, implicare, participare.<\/li><li>Realizarea unui demers didactic activ-participativ, care \u00eencurajeaz\u0103 ini\u021biativa, creativitatea \u0219i folosirea la maximum a poten\u021bialit\u0103\u021bilor elevilor.<\/li><li>Stimularea performan\u021bei \u0219i excelen\u021bei. Dezvoltarea spiritului competitiv.<\/li><li>Optimizarea procesului didactic prin utilizarea mijloacelor moderne de predare-\u00eenv\u0103\u021bare \u0219i comunicare, a tehnologiei informa\u021biei \u0219i comunic\u0103rii.<\/li><li>Realizarea unor parteneriate interinstitu\u021bionale, na\u021bionale, europene.<\/li><\/ol>\t\t\t\t\t\t\t\t<\/div>\n\t\t\t\t<\/div>\n\t\t\t\t\t<\/div>\n\t\t<\/div>\n\t\t\t\t\t<\/div>\n\t\t<\/section>\n\t\t\t\t<section class=\"elementor-section elementor-top-section elementor-element elementor-element-3665a3e elementor-section-boxed elementor-section-height-default elementor-section-height-default\" data-id=\"3665a3e\" data-element_type=\"section\">\n\t\t\t\t\t\t<div class=\"elementor-container elementor-column-gap-default\">\n\t\t\t\t\t<div class=\"elementor-column elementor-col-100 elementor-top-column elementor-element elementor-element-7cbc606\" data-id=\"7cbc606\" data-element_type=\"column\">\n\t\t\t<div class=\"elementor-widget-wrap elementor-element-populated\">\n\t\t\t\t\t\t<div class=\"elementor-element elementor-element-8840d21 elementor-widget-divider--view-line_icon elementor-view-default elementor-widget-divider--element-align-center elementor-widget elementor-widget-divider\" data-id=\"8840d21\" data-element_type=\"widget\" data-widget_type=\"divider.default\">\n\t\t\t\t<div class=\"elementor-widget-container\">\n\t\t\t\t\t\t\t<div class=\"elementor-divider\">\n\t\t\t<span class=\"elementor-divider-separator\">\n\t\t\t\t\t\t\t<div class=\"elementor-icon elementor-divider__element\">\n\t\t\t\t\t<i aria-hidden=\"true\" class=\"fas fa-book-open\"><\/i><\/div>\n\t\t\t\t\t\t<\/span>\n\t\t<\/div>\n\t\t\t\t\t\t<\/div>\n\t\t\t\t<\/div>\n\t\t\t\t\t<\/div>\n\t\t<\/div>\n\t\t\t\t\t<\/div>\n\t\t<\/section>\n\t\t\t\t<\/div>\n\t\t","protected":false},"excerpt":{"rendered":"<p>VIZIUNEA: \u0218coala ofer\u0103 o \u0219ans\u0103 fiec\u0103rui copil pentru a reu\u0219i \u00een via\u021b\u0103. MISIUNEA: \u0218coala noastr\u0103 va asigura o educa\u021bie de calitate pentru [&hellip;]<\/p>\n","protected":false},"author":1,"featured_media":0,"parent":0,"menu_order":0,"comment_status":"closed","ping_status":"closed","template":"","meta":{"ngg_post_thumbnail":0,"footnotes":""},"categories":[],"tags":[],"class_list":["post-69","page","type-page","status-publish","hentry"],"yoast_head":"<!-- This site is optimized with the Yoast SEO plugin v25.3.1 - https:\/\/yoast.com\/wordpress\/plugins\/seo\/ -->\n<title>Misiune - \u0218coala Gimnazial\u0103 &quot;Simion Mehedin\u021bi&quot; - Soveja<\/title>\n<meta name=\"robots\" content=\"index, follow, max-snippet:-1, max-image-preview:large, max-video-preview:-1\" \/>\n<link rel=\"canonical\" href=\"https:\/\/scoalasoveja.ro\/index.php\/misiune\/\" \/>\n<meta property=\"og:locale\" content=\"ro_RO\" \/>\n<meta property=\"og:type\" content=\"article\" \/>\n<meta property=\"og:title\" content=\"Misiune - \u0218coala Gimnazial\u0103 &quot;Simion Mehedin\u021bi&quot; - Soveja\" \/>\n<meta property=\"og:description\" content=\"VIZIUNEA: \u0218coala ofer\u0103 o \u0219ans\u0103 fiec\u0103rui copil pentru a reu\u0219i \u00een via\u021b\u0103. MISIUNEA: \u0218coala noastr\u0103 va asigura o educa\u021bie de calitate pentru [&hellip;]\" \/>\n<meta property=\"og:url\" content=\"https:\/\/scoalasoveja.ro\/index.php\/misiune\/\" \/>\n<meta property=\"og:site_name\" content=\"\u0218coala Gimnazial\u0103 &quot;Simion Mehedin\u021bi&quot; - Soveja\" \/>\n<meta property=\"article:modified_time\" content=\"2025-06-28T15:24:58+00:00\" \/>\n<meta property=\"og:image\" content=\"http:\/\/scoalasoveja.ro\/wp-content\/uploads\/2025\/06\/2sov-300x245.png\" \/>\n<meta name=\"twitter:card\" content=\"summary_large_image\" \/>\n<meta name=\"twitter:label1\" content=\"Timp estimat pentru citire\" \/>\n\t<meta name=\"twitter:data1\" content=\"1 minut\" \/>\n<script type=\"application\/ld+json\" class=\"yoast-schema-graph\">{\"@context\":\"https:\/\/schema.org\",\"@graph\":[{\"@type\":\"WebPage\",\"@id\":\"https:\/\/scoalasoveja.ro\/index.php\/misiune\/\",\"url\":\"https:\/\/scoalasoveja.ro\/index.php\/misiune\/\",\"name\":\"Misiune - \u0218coala Gimnazial\u0103 &quot;Simion Mehedin\u021bi&quot; - Soveja\",\"isPartOf\":{\"@id\":\"http:\/\/scoalasoveja.ro\/#website\"},\"primaryImageOfPage\":{\"@id\":\"https:\/\/scoalasoveja.ro\/index.php\/misiune\/#primaryimage\"},\"image\":{\"@id\":\"https:\/\/scoalasoveja.ro\/index.php\/misiune\/#primaryimage\"},\"thumbnailUrl\":\"http:\/\/scoalasoveja.ro\/wp-content\/uploads\/2025\/06\/2sov-300x245.png\",\"datePublished\":\"2025-06-28T15:11:46+00:00\",\"dateModified\":\"2025-06-28T15:24:58+00:00\",\"breadcrumb\":{\"@id\":\"https:\/\/scoalasoveja.ro\/index.php\/misiune\/#breadcrumb\"},\"inLanguage\":\"ro-RO\",\"potentialAction\":[{\"@type\":\"ReadAction\",\"target\":[\"https:\/\/scoalasoveja.ro\/index.php\/misiune\/\"]}]},{\"@type\":\"ImageObject\",\"inLanguage\":\"ro-RO\",\"@id\":\"https:\/\/scoalasoveja.ro\/index.php\/misiune\/#primaryimage\",\"url\":\"https:\/\/scoalasoveja.ro\/wp-content\/uploads\/2025\/06\/2sov.png\",\"contentUrl\":\"https:\/\/scoalasoveja.ro\/wp-content\/uploads\/2025\/06\/2sov.png\",\"width\":1500,\"height\":1224},{\"@type\":\"BreadcrumbList\",\"@id\":\"https:\/\/scoalasoveja.ro\/index.php\/misiune\/#breadcrumb\",\"itemListElement\":[{\"@type\":\"ListItem\",\"position\":1,\"name\":\"Home\",\"item\":\"https:\/\/scoalasoveja.ro\/\"},{\"@type\":\"ListItem\",\"position\":2,\"name\":\"Misiune\"}]},{\"@type\":\"WebSite\",\"@id\":\"http:\/\/scoalasoveja.ro\/#website\",\"url\":\"http:\/\/scoalasoveja.ro\/\",\"name\":\"\u0218coala Gimnazial\u0103 &quot;Simion Mehedin\u021bi&quot; - Soveja\",\"description\":\"\",\"potentialAction\":[{\"@type\":\"SearchAction\",\"target\":{\"@type\":\"EntryPoint\",\"urlTemplate\":\"http:\/\/scoalasoveja.ro\/?s={search_term_string}\"},\"query-input\":{\"@type\":\"PropertyValueSpecification\",\"valueRequired\":true,\"valueName\":\"search_term_string\"}}],\"inLanguage\":\"ro-RO\"}]}<\/script>\n<!-- \/ Yoast SEO plugin. -->","yoast_head_json":{"title":"Misiune - \u0218coala Gimnazial\u0103 &quot;Simion Mehedin\u021bi&quot; - Soveja","robots":{"index":"index","follow":"follow","max-snippet":"max-snippet:-1","max-image-preview":"max-image-preview:large","max-video-preview":"max-video-preview:-1"},"canonical":"https:\/\/scoalasoveja.ro\/index.php\/misiune\/","og_locale":"ro_RO","og_type":"article","og_title":"Misiune - \u0218coala Gimnazial\u0103 &quot;Simion Mehedin\u021bi&quot; - Soveja","og_description":"VIZIUNEA: \u0218coala ofer\u0103 o \u0219ans\u0103 fiec\u0103rui copil pentru a reu\u0219i \u00een via\u021b\u0103. MISIUNEA: \u0218coala noastr\u0103 va asigura o educa\u021bie de calitate pentru [&hellip;]","og_url":"https:\/\/scoalasoveja.ro\/index.php\/misiune\/","og_site_name":"\u0218coala Gimnazial\u0103 &quot;Simion Mehedin\u021bi&quot; - Soveja","article_modified_time":"2025-06-28T15:24:58+00:00","og_image":[{"url":"http:\/\/scoalasoveja.ro\/wp-content\/uploads\/2025\/06\/2sov-300x245.png","type":"","width":"","height":""}],"twitter_card":"summary_large_image","twitter_misc":{"Timp estimat pentru citire":"1 minut"},"schema":{"@context":"https:\/\/schema.org","@graph":[{"@type":"WebPage","@id":"https:\/\/scoalasoveja.ro\/index.php\/misiune\/","url":"https:\/\/scoalasoveja.ro\/index.php\/misiune\/","name":"Misiune - \u0218coala Gimnazial\u0103 &quot;Simion Mehedin\u021bi&quot; - Soveja","isPartOf":{"@id":"http:\/\/scoalasoveja.ro\/#website"},"primaryImageOfPage":{"@id":"https:\/\/scoalasoveja.ro\/index.php\/misiune\/#primaryimage"},"image":{"@id":"https:\/\/scoalasoveja.ro\/index.php\/misiune\/#primaryimage"},"thumbnailUrl":"http:\/\/scoalasoveja.ro\/wp-content\/uploads\/2025\/06\/2sov-300x245.png","datePublished":"2025-06-28T15:11:46+00:00","dateModified":"2025-06-28T15:24:58+00:00","breadcrumb":{"@id":"https:\/\/scoalasoveja.ro\/index.php\/misiune\/#breadcrumb"},"inLanguage":"ro-RO","potentialAction":[{"@type":"ReadAction","target":["https:\/\/scoalasoveja.ro\/index.php\/misiune\/"]}]},{"@type":"ImageObject","inLanguage":"ro-RO","@id":"https:\/\/scoalasoveja.ro\/index.php\/misiune\/#primaryimage","url":"https:\/\/scoalasoveja.ro\/wp-content\/uploads\/2025\/06\/2sov.png","contentUrl":"https:\/\/scoalasoveja.ro\/wp-content\/uploads\/2025\/06\/2sov.png","width":1500,"height":1224},{"@type":"BreadcrumbList","@id":"https:\/\/scoalasoveja.ro\/index.php\/misiune\/#breadcrumb","itemListElement":[{"@type":"ListItem","position":1,"name":"Home","item":"https:\/\/scoalasoveja.ro\/"},{"@type":"ListItem","position":2,"name":"Misiune"}]},{"@type":"WebSite","@id":"http:\/\/scoalasoveja.ro\/#website","url":"http:\/\/scoalasoveja.ro\/","name":"\u0218coala Gimnazial\u0103 &quot;Simion Mehedin\u021bi&quot; - Soveja","description":"","potentialAction":[{"@type":"SearchAction","target":{"@type":"EntryPoint","urlTemplate":"http:\/\/scoalasoveja.ro\/?s={search_term_string}"},"query-input":{"@type":"PropertyValueSpecification","valueRequired":true,"valueName":"search_term_string"}}],"inLanguage":"ro-RO"}]}},"_links":{"self":[{"href":"https:\/\/scoalasoveja.ro\/index.php\/wp-json\/wp\/v2\/pages\/69","targetHints":{"allow":["GET"]}}],"collection":[{"href":"https:\/\/scoalasoveja.ro\/index.php\/wp-json\/wp\/v2\/pages"}],"about":[{"href":"https:\/\/scoalasoveja.ro\/index.php\/wp-json\/wp\/v2\/types\/page"}],"author":[{"embeddable":true,"href":"https:\/\/scoalasoveja.ro\/index.php\/wp-json\/wp\/v2\/users\/1"}],"replies":[{"embeddable":true,"href":"https:\/\/scoalasoveja.ro\/index.php\/wp-json\/wp\/v2\/comments?post=69"}],"version-history":[{"count":10,"href":"https:\/\/scoalasoveja.ro\/index.php\/wp-json\/wp\/v2\/pages\/69\/revisions"}],"predecessor-version":[{"id":83,"href":"https:\/\/scoalasoveja.ro\/index.php\/wp-json\/wp\/v2\/pages\/69\/revisions\/83"}],"wp:attachment":[{"href":"https:\/\/scoalasoveja.ro\/index.php\/wp-json\/wp\/v2\/media?parent=69"}],"wp:term":[{"taxonomy":"category","embeddable":true,"href":"https:\/\/scoalasoveja.ro\/index.php\/wp-json\/wp\/v2\/categories?post=69"},{"taxonomy":"post_tag","embeddable":true,"href":"https:\/\/scoalasoveja.ro\/index.php\/wp-json\/wp\/v2\/tags?post=69"}],"curies":[{"name":"wp","href":"https:\/\/api.w.org\/{rel}","templated":true}]}}