{"id":99,"date":"2025-06-29T06:45:11","date_gmt":"2025-06-29T06:45:11","guid":{"rendered":"https:\/\/scoalasoveja.ro\/?page_id=99"},"modified":"2025-06-29T06:47:11","modified_gmt":"2025-06-29T06:47:11","slug":"resurse-umane","status":"publish","type":"page","link":"https:\/\/scoalasoveja.ro\/index.php\/resurse-umane\/","title":{"rendered":"Resurse umane"},"content":{"rendered":"\t\t<div data-elementor-type=\"wp-page\" data-elementor-id=\"99\" class=\"elementor elementor-99\">\n\t\t\t\t\t\t<section class=\"elementor-section elementor-top-section elementor-element elementor-element-b7fd953 elementor-section-boxed elementor-section-height-default elementor-section-height-default\" data-id=\"b7fd953\" data-element_type=\"section\">\n\t\t\t\t\t\t<div class=\"elementor-container elementor-column-gap-default\">\n\t\t\t\t\t<div class=\"elementor-column elementor-col-100 elementor-top-column elementor-element elementor-element-5177e28\" data-id=\"5177e28\" data-element_type=\"column\">\n\t\t\t<div class=\"elementor-widget-wrap elementor-element-populated\">\n\t\t\t\t\t\t<div class=\"elementor-element elementor-element-4a03639 elementor-widget elementor-widget-text-editor\" data-id=\"4a03639\" data-element_type=\"widget\" data-widget_type=\"text-editor.default\">\n\t\t\t\t<div class=\"elementor-widget-container\">\n\t\t\t\t\t\t\t\t\t<p><strong>Profesori:<\/strong><\/p><p>Director Prof. B\u00eetc\u0103 Maricica- D\u0103nu\u021ba<\/p><p>Prof. Dudu Marilena<\/p><p>Prof. \u0218andru Melania<\/p><p>Prof. B\u0103ru\u0219 Dumitru<\/p><p>Prof. Bunghez Ramona Cristina<\/p><p>Prof. B\u00eetc\u0103 Maricica-D\u0103nu\u021ba<\/p><p>Prof. H\u0103r\u0103bor Maria<\/p><p>Prof. Dragomir Geta<\/p><p>Prof. Toma Napolion Nelu\u0219<\/p><p>Prof. Nistor Elena Maricela<\/p><p>Prof. Bunghez Ramona Cristina<\/p><p>Prof. Dr\u0103ghici Violeta<\/p><p>Prof. Pogan Georgiana Alexandra<\/p><p>Prof. Popa Nadia Nicoleta<\/p><p>B\u00eetc\u0103 Maricica-D\u0103nu\u021ba<\/p><p>Prof. B\u00eetc\u0103 Florentina<\/p><p>Prof. Popescu Bogdan Daniel<\/p><p>Prof. Grigora\u0219 Andreea Daniela<\/p><p>\u00a0<\/p><p><strong>Elevi<\/strong>:<\/p><p>\u00cen anul \u0219colar 2024\/2025, num\u0103rul total de elevi pentru ciclurile pre\u0219colar, primar, gimnazial este de 130.<\/p><p><strong>Personal didactic auxiliar<\/strong>:<\/p><p>Secretar Rusu Claudia, Contabil Manta Ana-Maria<\/p><p><strong>Personal nedidactic<\/strong>:<\/p><p>B\u0103ra Stelu\u021ba, Iona\u0219cu Cristina, Ghe\u021b Daniela, Velicanu Codru\u021ba, Turcu Alin, Morunglav Nelu<\/p>\t\t\t\t\t\t\t\t<\/div>\n\t\t\t\t<\/div>\n\t\t\t\t\t<\/div>\n\t\t<\/div>\n\t\t\t\t\t<\/div>\n\t\t<\/section>\n\t\t\t\t<\/div>\n\t\t","protected":false},"excerpt":{"rendered":"<p>Profesori: Director Prof. B\u00eetc\u0103 Maricica- D\u0103nu\u021ba Prof. Dudu Marilena Prof. \u0218andru Melania Prof. B\u0103ru\u0219 Dumitru Prof. Bunghez Ramona Cristina Prof. B\u00eetc\u0103 Maricica-D\u0103nu\u021ba [&hellip;]<\/p>\n","protected":false},"author":1,"featured_media":0,"parent":0,"menu_order":0,"comment_status":"closed","ping_status":"closed","template":"","meta":{"ngg_post_thumbnail":0,"footnotes":""},"categories":[],"tags":[],"class_list":["post-99","page","type-page","status-publish","hentry"],"yoast_head":"<!-- This site is optimized with the Yoast SEO plugin v25.3.1 - https:\/\/yoast.com\/wordpress\/plugins\/seo\/ -->\n<title>Resurse umane - \u0218coala Gimnazial\u0103 &quot;Simion Mehedin\u021bi&quot; - Soveja<\/title>\n<meta name=\"robots\" content=\"index, follow, max-snippet:-1, max-image-preview:large, max-video-preview:-1\" \/>\n<link rel=\"canonical\" href=\"https:\/\/scoalasoveja.ro\/index.php\/resurse-umane\/\" \/>\n<meta property=\"og:locale\" content=\"ro_RO\" \/>\n<meta property=\"og:type\" content=\"article\" \/>\n<meta property=\"og:title\" content=\"Resurse umane - \u0218coala Gimnazial\u0103 &quot;Simion Mehedin\u021bi&quot; - Soveja\" \/>\n<meta property=\"og:description\" content=\"Profesori: Director Prof. B\u00eetc\u0103 Maricica- D\u0103nu\u021ba Prof. Dudu Marilena Prof. \u0218andru Melania Prof. B\u0103ru\u0219 Dumitru Prof. Bunghez Ramona Cristina Prof. B\u00eetc\u0103 Maricica-D\u0103nu\u021ba [&hellip;]\" \/>\n<meta property=\"og:url\" content=\"https:\/\/scoalasoveja.ro\/index.php\/resurse-umane\/\" \/>\n<meta property=\"og:site_name\" content=\"\u0218coala Gimnazial\u0103 &quot;Simion Mehedin\u021bi&quot; - Soveja\" \/>\n<meta property=\"article:modified_time\" content=\"2025-06-29T06:47:11+00:00\" \/>\n<meta name=\"twitter:card\" content=\"summary_large_image\" \/>\n<meta name=\"twitter:label1\" content=\"Timp estimat pentru citire\" \/>\n\t<meta name=\"twitter:data1\" content=\"1 minut\" \/>\n<script type=\"application\/ld+json\" class=\"yoast-schema-graph\">{\"@context\":\"https:\/\/schema.org\",\"@graph\":[{\"@type\":\"WebPage\",\"@id\":\"https:\/\/scoalasoveja.ro\/index.php\/resurse-umane\/\",\"url\":\"https:\/\/scoalasoveja.ro\/index.php\/resurse-umane\/\",\"name\":\"Resurse umane - \u0218coala Gimnazial\u0103 &quot;Simion Mehedin\u021bi&quot; - Soveja\",\"isPartOf\":{\"@id\":\"http:\/\/scoalasoveja.ro\/#website\"},\"datePublished\":\"2025-06-29T06:45:11+00:00\",\"dateModified\":\"2025-06-29T06:47:11+00:00\",\"breadcrumb\":{\"@id\":\"https:\/\/scoalasoveja.ro\/index.php\/resurse-umane\/#breadcrumb\"},\"inLanguage\":\"ro-RO\",\"potentialAction\":[{\"@type\":\"ReadAction\",\"target\":[\"https:\/\/scoalasoveja.ro\/index.php\/resurse-umane\/\"]}]},{\"@type\":\"BreadcrumbList\",\"@id\":\"https:\/\/scoalasoveja.ro\/index.php\/resurse-umane\/#breadcrumb\",\"itemListElement\":[{\"@type\":\"ListItem\",\"position\":1,\"name\":\"Home\",\"item\":\"https:\/\/scoalasoveja.ro\/\"},{\"@type\":\"ListItem\",\"position\":2,\"name\":\"Resurse umane\"}]},{\"@type\":\"WebSite\",\"@id\":\"http:\/\/scoalasoveja.ro\/#website\",\"url\":\"http:\/\/scoalasoveja.ro\/\",\"name\":\"\u0218coala Gimnazial\u0103 &quot;Simion Mehedin\u021bi&quot; - Soveja\",\"description\":\"\",\"potentialAction\":[{\"@type\":\"SearchAction\",\"target\":{\"@type\":\"EntryPoint\",\"urlTemplate\":\"http:\/\/scoalasoveja.ro\/?s={search_term_string}\"},\"query-input\":{\"@type\":\"PropertyValueSpecification\",\"valueRequired\":true,\"valueName\":\"search_term_string\"}}],\"inLanguage\":\"ro-RO\"}]}<\/script>\n<!-- \/ Yoast SEO plugin. -->","yoast_head_json":{"title":"Resurse umane - \u0218coala Gimnazial\u0103 &quot;Simion Mehedin\u021bi&quot; - Soveja","robots":{"index":"index","follow":"follow","max-snippet":"max-snippet:-1","max-image-preview":"max-image-preview:large","max-video-preview":"max-video-preview:-1"},"canonical":"https:\/\/scoalasoveja.ro\/index.php\/resurse-umane\/","og_locale":"ro_RO","og_type":"article","og_title":"Resurse umane - \u0218coala Gimnazial\u0103 &quot;Simion Mehedin\u021bi&quot; - Soveja","og_description":"Profesori: Director Prof. B\u00eetc\u0103 Maricica- D\u0103nu\u021ba Prof. Dudu Marilena Prof. \u0218andru Melania Prof. B\u0103ru\u0219 Dumitru Prof. Bunghez Ramona Cristina Prof. B\u00eetc\u0103 Maricica-D\u0103nu\u021ba [&hellip;]","og_url":"https:\/\/scoalasoveja.ro\/index.php\/resurse-umane\/","og_site_name":"\u0218coala Gimnazial\u0103 &quot;Simion Mehedin\u021bi&quot; - Soveja","article_modified_time":"2025-06-29T06:47:11+00:00","twitter_card":"summary_large_image","twitter_misc":{"Timp estimat pentru citire":"1 minut"},"schema":{"@context":"https:\/\/schema.org","@graph":[{"@type":"WebPage","@id":"https:\/\/scoalasoveja.ro\/index.php\/resurse-umane\/","url":"https:\/\/scoalasoveja.ro\/index.php\/resurse-umane\/","name":"Resurse umane - \u0218coala Gimnazial\u0103 &quot;Simion Mehedin\u021bi&quot; - Soveja","isPartOf":{"@id":"http:\/\/scoalasoveja.ro\/#website"},"datePublished":"2025-06-29T06:45:11+00:00","dateModified":"2025-06-29T06:47:11+00:00","breadcrumb":{"@id":"https:\/\/scoalasoveja.ro\/index.php\/resurse-umane\/#breadcrumb"},"inLanguage":"ro-RO","potentialAction":[{"@type":"ReadAction","target":["https:\/\/scoalasoveja.ro\/index.php\/resurse-umane\/"]}]},{"@type":"BreadcrumbList","@id":"https:\/\/scoalasoveja.ro\/index.php\/resurse-umane\/#breadcrumb","itemListElement":[{"@type":"ListItem","position":1,"name":"Home","item":"https:\/\/scoalasoveja.ro\/"},{"@type":"ListItem","position":2,"name":"Resurse umane"}]},{"@type":"WebSite","@id":"http:\/\/scoalasoveja.ro\/#website","url":"http:\/\/scoalasoveja.ro\/","name":"\u0218coala Gimnazial\u0103 &quot;Simion Mehedin\u021bi&quot; - Soveja","description":"","potentialAction":[{"@type":"SearchAction","target":{"@type":"EntryPoint","urlTemplate":"http:\/\/scoalasoveja.ro\/?s={search_term_string}"},"query-input":{"@type":"PropertyValueSpecification","valueRequired":true,"valueName":"search_term_string"}}],"inLanguage":"ro-RO"}]}},"_links":{"self":[{"href":"https:\/\/scoalasoveja.ro\/index.php\/wp-json\/wp\/v2\/pages\/99","targetHints":{"allow":["GET"]}}],"collection":[{"href":"https:\/\/scoalasoveja.ro\/index.php\/wp-json\/wp\/v2\/pages"}],"about":[{"href":"https:\/\/scoalasoveja.ro\/index.php\/wp-json\/wp\/v2\/types\/page"}],"author":[{"embeddable":true,"href":"https:\/\/scoalasoveja.ro\/index.php\/wp-json\/wp\/v2\/users\/1"}],"replies":[{"embeddable":true,"href":"https:\/\/scoalasoveja.ro\/index.php\/wp-json\/wp\/v2\/comments?post=99"}],"version-history":[{"count":7,"href":"https:\/\/scoalasoveja.ro\/index.php\/wp-json\/wp\/v2\/pages\/99\/revisions"}],"predecessor-version":[{"id":106,"href":"https:\/\/scoalasoveja.ro\/index.php\/wp-json\/wp\/v2\/pages\/99\/revisions\/106"}],"wp:attachment":[{"href":"https:\/\/scoalasoveja.ro\/index.php\/wp-json\/wp\/v2\/media?parent=99"}],"wp:term":[{"taxonomy":"category","embeddable":true,"href":"https:\/\/scoalasoveja.ro\/index.php\/wp-json\/wp\/v2\/categories?post=99"},{"taxonomy":"post_tag","embeddable":true,"href":"https:\/\/scoalasoveja.ro\/index.php\/wp-json\/wp\/v2\/tags?post=99"}],"curies":[{"name":"wp","href":"https:\/\/api.w.org\/{rel}","templated":true}]}}